{"id":1726,"date":"2019-08-10T10:25:54","date_gmt":"2019-08-10T14:25:54","guid":{"rendered":"http:\/\/madnesscanada.com\/?page_id=1726"},"modified":"2019-11-10T16:06:51","modified_gmt":"2019-11-10T21:06:51","slug":"articles-chapters","status":"publish","type":"page","link":"https:\/\/arch.madnesscanada.com\/fr\/resources\/scholarship\/deinstitutionalization\/articles-chapters\/","title":{"rendered":"Articles \/ Chapitres"},"content":{"rendered":"<p><\/p>\n<!-- Widget Shortcode --><div id=\"nav_menu-3\" class=\"widget widget_nav_menu widget-shortcode area-arbitrary \"><h2 class=\"widgettitle\">(English) Resources<\/h2><div class=\"menu-resources-container\"><ul id=\"menu-resources-1\" class=\"menu\"><li class=\"menu-item menu-item-type-post_type menu-item-object-page menu-item-836\"><a href=\"https:\/\/arch.madnesscanada.com\/fr\/resources\/\">Ressources<\/a><\/li>\n<li class=\"menu-item menu-item-type-post_type menu-item-object-page menu-item-838\"><a href=\"https:\/\/arch.madnesscanada.com\/fr\/resources\/scholarship\/\">Publications scientifiques<\/a><\/li>\n<li class=\"menu-item menu-item-type-post_type menu-item-object-page menu-item-841\"><a href=\"https:\/\/arch.madnesscanada.com\/fr\/resources\/archives\/\">Archives<\/a><\/li>\n<li class=\"menu-item menu-item-type-post_type menu-item-object-page menu-item-839\"><a href=\"https:\/\/arch.madnesscanada.com\/fr\/resources\/images\/\">Photographies<\/a><\/li>\n<li class=\"menu-item menu-item-type-post_type menu-item-object-page menu-item-840\"><a href=\"https:\/\/arch.madnesscanada.com\/fr\/resources\/video\/\">Vid\u00e9os<\/a><\/li>\n<li class=\"menu-item menu-item-type-post_type menu-item-object-page menu-item-1595\"><a href=\"https:\/\/arch.madnesscanada.com\/fr\/resources\/voices\/\">T\u00e9moignages<\/a><\/li>\n<li class=\"menu-item menu-item-type-post_type menu-item-object-page menu-item-2339\"><a href=\"https:\/\/arch.madnesscanada.com\/fr\/resources\/about-resources\/\">\u00c0 propos des ressources<\/a><\/li>\n<\/ul><\/div><\/div><!-- \/Widget Shortcode -->\n<!-- Widget Shortcode --><div id=\"search-3\" class=\"widget widget_search widget-shortcode area-arbitrary \"><h2 class=\"widgettitle\">(English) SEARCH<\/h2><form role=\"search\" method=\"get\" class=\"search-form\" action=\"https:\/\/arch.madnesscanada.com\/fr\/\">\n\t\t\t\t<label>\n\t\t\t\t\t<span class=\"screen-reader-text\">Rechercher\u00a0:<\/span>\n\t\t\t\t\t<input type=\"search\" class=\"search-field\" placeholder=\"Rechercher\u2026\" value=\"\" name=\"s\" \/>\n\t\t\t\t<\/label>\n\t\t\t\t<input type=\"submit\" class=\"search-submit\" value=\"Rechercher\" \/>\n\t\t\t<\/form><\/div><!-- \/Widget Shortcode -->\n<div class=\"rightmenu\"><!-- Widget Shortcode --><div id=\"nav_menu-15\" class=\"widget widget_nav_menu widget-shortcode area-arbitrary \"><h2 class=\"widgettitle\">(English) Deinstitutionalization<\/h2><div class=\"menu-deinstitutionalization-container\"><ul id=\"menu-deinstitutionalization-1\" class=\"menu\"><li class=\"menu-item menu-item-type-post_type menu-item-object-page menu-item-1732\"><a href=\"https:\/\/arch.madnesscanada.com\/fr\/resources\/scholarship\/deinstitutionalization\/theses-unpublished\/\">Textes in\u00e9dits \/ th\u00e8ses<\/a><\/li>\n<li class=\"menu-item menu-item-type-post_type menu-item-object-page menu-item-1731\"><a href=\"https:\/\/arch.madnesscanada.com\/fr\/resources\/scholarship\/deinstitutionalization\/articles-chapters\/\">Articles \/ Chapitres<\/a><\/li>\n<li class=\"menu-item menu-item-type-post_type menu-item-object-page menu-item-1730\"><a href=\"https:\/\/arch.madnesscanada.com\/fr\/resources\/scholarship\/deinstitutionalization\/books\/\">D\u00e9sinstitutionnalisation<\/a><\/li>\n<li class=\"menu-item menu-item-type-post_type menu-item-object-page menu-item-1733\"><a href=\"https:\/\/arch.madnesscanada.com\/fr\/resources\/scholarship\/\">Scholarship<\/a><\/li>\n<\/ul><\/div><\/div><!-- \/Widget Shortcode --><\/div>\n<nav aria-label=\"breadcrumbs\">\n            <div class=\"breadcrumb-container theme1\">\n                <ol>\n                                    <\/ol>\n            <\/div>\n        <\/nav>    <script type=\"application\/ld+json\">\n        {\n            \"@context\": \"http:\/\/schema.org\",\n            \"@type\": \"BreadcrumbList\",\n            \"itemListElement\": [\n                            ]\n        }\n    <\/script>\n   \n    <script>\n            <\/script>\n\n<h1>Articles \/ Chapitres<\/h1>\n<h4 id=\"moduleIntro\" class=\"artefacts\">D\u00e9sinstitutionnalisation<\/h4>\n<p>Babarik, Paul. \u201cThe Buried Canadian Roots of Community Psychology.\u201d<em>\u00a0Journal of Community Psychology<\/em>\u00a07 (1979): 362-367.<\/p>\n<p>Baird, G. \u201c999 Queen: A Collective Failure of Imagination.\u201d\u00a0<em>City Magazine<\/em>\u00a02,3,4 (1976): 34-59.\u00a0<\/p>\n<p>Coates, Donald. \u201cThe Outpatient Department.\u201d In Edward Shorter (ed). <em>TPH: History and Memories of the Toronto Psychiatric Hospital<\/em>, 1925-1966. Toronto: Wall and Emerson, 1996: 271-291.\u00a0<\/p>\n<p>Dorvil, Henri. \u201cLa d\u00e9sinstitutionnalisation: du fou de village aux fous des villes.\u201d <em>Bulletin l\u2019histoire politique<\/em>, num\u00e9ro sp\u00e9cial Folie et soci\u00e9t\u00e9 XIXe-XXe si\u00e8cles 10:3 (2002): 88- 104.<\/p>\n<p>Goldman, David L. \u201cThe 40 Year Evolution of the First Modern Day Hospital.\u201d <em>Canadian Journal of Psychiatry<\/em> 34:1 (February, 1989): 18-19.<\/p>\n<p>Goldman, David L. and Avranitakis, K.D. \u201cD. Ewen Cameron\u2019s Day Hospital and the Day Hospital Movement.\u201d <em>Canadian Journal of Psychiatry<\/em> 26 (1981): 365-368.<\/p>\n<p>Hendrie, H.C. and J. Varsamis. \u201cThe Winnipeg Psychopathic Hospital, 1919-1969: An Experiment in Community Psychiatry.\u201d <em>Canadian Psychiatric Association Journal<\/em> 16:2 (April, 1971): 185-186.\u00a0<\/p>\n<p>Herman, Nancy J. and C.M. Smith. \u201cMental Hospital Depopulation in Canada: Patient Perspectives.\u201d <em>Canadian Journal of Psychiatry<\/em> 34:5 (June, 1989): 386-392.\u00a0<\/p>\n<p>Kappel, Bruce. \u201cA History of People First in Canada.\u201d In Gunnar Dybwad and Hank Bersani Jr. (eds.). <em>New Voices: Self-Advocacy by People with Disabilities.<\/em> Cambridge, Massachusetts: Brookline Books, 1996: 93-129.\u00a0<\/p>\n<p>Lebel, Alain. \u00ab\u00a0Histoire et \u00e9volution des h\u00f4pitaux de jour\u00a0\u00bb, Prisme 4:4 (automne, 1994): 374-386.<\/p>\n<p>Lecompte, Yves. \u00ab\u00a0De la dynamique des politiques de d\u00e9sinstitutionnalisation au Qu\u00e9bec\u00a0\u00bb, <em>Sant\u00e9 mentale au Qu\u00e9bec<\/em> 22:2 (automne, 1997): 7-24.<\/p>\n<p>Migneault, Pierre. \u00ab\u00a0La r\u00e9volution tranquille et la r\u00e9volution psychiatrique au Qu\u00e9bec\u00a0\u00bb, <em>Revue R\u00e9seau<\/em>, num\u00e9ro sp\u00e9cial 1, 1978, publi\u00e9 par le Centre Hospitalier Robert-Giffard.\u00a0<\/p>\n<p>Pos, Robert. \u201cThe Old and the New at the Queen Street Mental Health Centre.\u201d In A.J. Diamond and Partners, <em>Howard Building Renovation Feasibility Study<\/em>. Toronto: A.J. Diamond and Partners, 1975: 17-21.\u00a0<\/p>\n<p>Smith, C.M. \u201cFrom Hospital to Community: A System Changes.\u201d <em>Canadian Journal of Psychiatry<\/em> 24:2 (March, 1979): 113-120.<\/p>\n<p>Wasylenki, Donald. \u201cCommunity Psychiatry.\u201d In Quentin Rae-Grant (ed.). <em>Images in Psychiatry: Canada.<\/em> Washington, D.C.: American Psychiatric Press, Inc., 1996: 133-137.<\/p>\n<p>Watson, Diane B. \u201cOpening the Doors \u2013 Looking Back to Move Forward.\u201d <em>Canadian Journal of Psychiatry<\/em> 41:9 (November, 1996): 543-548.\u00a0<\/p>\n<p><\/p>","protected":false},"excerpt":{"rendered":"<p>Articles \/ Chapitres D\u00e9sinstitutionnalisation Babarik, Paul. \u201cThe Buried Canadian Roots of Community Psychology.\u201d\u00a0Journal of Community Psychology\u00a07 (1979): 362-367. Baird, G. \u201c999 Queen: A Collective Failure of Imagination.\u201d\u00a0City Magazine\u00a02,3,4 (1976): 34-59.\u00a0 Coates, Donald. \u201cThe Outpatient Department.\u201d In Edward Shorter (ed). TPH: History and Memories of the Toronto Psychiatric Hospital, 1925-1966. Toronto: Wall and Emerson, 1996: 271-291.\u00a0 &hellip; <\/p>\n","protected":false},"author":3,"featured_media":0,"parent":1617,"menu_order":1,"comment_status":"closed","ping_status":"closed","template":"","meta":{"footnotes":""},"class_list":["post-1726","page","type-page","status-publish","hentry","entry"],"aioseo_notices":[],"_links":{"self":[{"href":"https:\/\/arch.madnesscanada.com\/fr\/wp-json\/wp\/v2\/pages\/1726"}],"collection":[{"href":"https:\/\/arch.madnesscanada.com\/fr\/wp-json\/wp\/v2\/pages"}],"about":[{"href":"https:\/\/arch.madnesscanada.com\/fr\/wp-json\/wp\/v2\/types\/page"}],"author":[{"embeddable":true,"href":"https:\/\/arch.madnesscanada.com\/fr\/wp-json\/wp\/v2\/users\/3"}],"replies":[{"embeddable":true,"href":"https:\/\/arch.madnesscanada.com\/fr\/wp-json\/wp\/v2\/comments?post=1726"}],"version-history":[{"count":5,"href":"https:\/\/arch.madnesscanada.com\/fr\/wp-json\/wp\/v2\/pages\/1726\/revisions"}],"predecessor-version":[{"id":2562,"href":"https:\/\/arch.madnesscanada.com\/fr\/wp-json\/wp\/v2\/pages\/1726\/revisions\/2562"}],"up":[{"embeddable":true,"href":"https:\/\/arch.madnesscanada.com\/fr\/wp-json\/wp\/v2\/pages\/1617"}],"wp:attachment":[{"href":"https:\/\/arch.madnesscanada.com\/fr\/wp-json\/wp\/v2\/media?parent=1726"}],"curies":[{"name":"wp","href":"https:\/\/api.w.org\/{rel}","templated":true}]}}