{"id":1737,"date":"2019-08-10T10:31:26","date_gmt":"2019-08-10T14:31:26","guid":{"rendered":"http:\/\/madnesscanada.com\/?page_id=1737"},"modified":"2019-11-10T16:19:47","modified_gmt":"2019-11-10T21:19:47","slug":"articles-chapters","status":"publish","type":"page","link":"https:\/\/arch.madnesscanada.com\/fr\/resources\/scholarship\/diagnosis-understanding\/articles-chapters\/","title":{"rendered":"Articles \/ Chapitres"},"content":{"rendered":"<p><\/p>\n<!-- Widget Shortcode --><div id=\"nav_menu-3\" class=\"widget widget_nav_menu widget-shortcode area-arbitrary \"><h2 class=\"widgettitle\">(English) Resources<\/h2><div class=\"menu-resources-container\"><ul id=\"menu-resources-1\" class=\"menu\"><li class=\"menu-item menu-item-type-post_type menu-item-object-page menu-item-836\"><a href=\"https:\/\/arch.madnesscanada.com\/fr\/resources\/\">Ressources<\/a><\/li>\n<li class=\"menu-item menu-item-type-post_type menu-item-object-page menu-item-838\"><a href=\"https:\/\/arch.madnesscanada.com\/fr\/resources\/scholarship\/\">Publications scientifiques<\/a><\/li>\n<li class=\"menu-item menu-item-type-post_type menu-item-object-page menu-item-841\"><a href=\"https:\/\/arch.madnesscanada.com\/fr\/resources\/archives\/\">Archives<\/a><\/li>\n<li class=\"menu-item menu-item-type-post_type menu-item-object-page menu-item-839\"><a href=\"https:\/\/arch.madnesscanada.com\/fr\/resources\/images\/\">Photographies<\/a><\/li>\n<li class=\"menu-item menu-item-type-post_type menu-item-object-page menu-item-840\"><a href=\"https:\/\/arch.madnesscanada.com\/fr\/resources\/video\/\">Vid\u00e9os<\/a><\/li>\n<li class=\"menu-item menu-item-type-post_type menu-item-object-page menu-item-1595\"><a href=\"https:\/\/arch.madnesscanada.com\/fr\/resources\/voices\/\">T\u00e9moignages<\/a><\/li>\n<li class=\"menu-item menu-item-type-post_type menu-item-object-page menu-item-2339\"><a href=\"https:\/\/arch.madnesscanada.com\/fr\/resources\/about-resources\/\">\u00c0 propos des ressources<\/a><\/li>\n<\/ul><\/div><\/div><!-- \/Widget Shortcode -->\n<!-- Widget Shortcode --><div id=\"search-3\" class=\"widget widget_search widget-shortcode area-arbitrary \"><h2 class=\"widgettitle\">(English) SEARCH<\/h2><form role=\"search\" method=\"get\" class=\"search-form\" action=\"https:\/\/arch.madnesscanada.com\/fr\/\">\n\t\t\t\t<label>\n\t\t\t\t\t<span class=\"screen-reader-text\">Rechercher\u00a0:<\/span>\n\t\t\t\t\t<input type=\"search\" class=\"search-field\" placeholder=\"Rechercher\u2026\" value=\"\" name=\"s\" \/>\n\t\t\t\t<\/label>\n\t\t\t\t<input type=\"submit\" class=\"search-submit\" value=\"Rechercher\" \/>\n\t\t\t<\/form><\/div><!-- \/Widget Shortcode -->\n<div class=\"rightmenu\"><!-- Widget Shortcode --><div id=\"nav_menu-16\" class=\"widget widget_nav_menu widget-shortcode area-arbitrary \"><h2 class=\"widgettitle\">(English) Diagnosis \/ Understanding<\/h2><div class=\"menu-diagnosis-understanding-container\"><ul id=\"menu-diagnosis-understanding-1\" class=\"menu\"><li class=\"menu-item menu-item-type-post_type menu-item-object-page menu-item-1745\"><a href=\"https:\/\/arch.madnesscanada.com\/fr\/resources\/scholarship\/diagnosis-understanding\/\">Diagnostic \/ compr\u00e9hension<\/a><\/li>\n<li class=\"menu-item menu-item-type-post_type menu-item-object-page menu-item-1743\"><a href=\"https:\/\/arch.madnesscanada.com\/fr\/resources\/scholarship\/diagnosis-understanding\/theses-unpublished\/\">Textes in\u00e9dits \/ th\u00e8ses<\/a><\/li>\n<li class=\"menu-item menu-item-type-post_type menu-item-object-page menu-item-1742\"><a href=\"https:\/\/arch.madnesscanada.com\/fr\/resources\/scholarship\/diagnosis-understanding\/articles-chapters\/\">Articles \/ Chapitres<\/a><\/li>\n<li class=\"menu-item menu-item-type-post_type menu-item-object-page menu-item-1741\"><a href=\"https:\/\/arch.madnesscanada.com\/fr\/resources\/scholarship\/diagnosis-understanding\/books\/\">Livres<\/a><\/li>\n<li class=\"menu-item menu-item-type-post_type menu-item-object-page menu-item-1744\"><a href=\"https:\/\/arch.madnesscanada.com\/fr\/resources\/scholarship\/\">Scholarship<\/a><\/li>\n<\/ul><\/div><\/div><!-- \/Widget Shortcode --><\/div>\n<nav aria-label=\"breadcrumbs\">\n            <div class=\"breadcrumb-container theme1\">\n                <ol>\n                                    <\/ol>\n            <\/div>\n        <\/nav>    <script type=\"application\/ld+json\">\n        {\n            \"@context\": \"http:\/\/schema.org\",\n            \"@type\": \"BreadcrumbList\",\n            \"itemListElement\": [\n                            ]\n        }\n    <\/script>\n   \n    <script>\n            <\/script>\n\n<h1>Articles \/ Chapitres<\/h1>\n<h4 id=\"moduleIntro\" class=\"artefacts\">Diagnostic et compr\u00e9hension<\/h4>\n<p>Adams, Mary Louise. \u201cIn Sickness and in Health: State Formation, Moral Regulation, and Early VD Initiatives in Ontario.\u201d\u00a0<em>Journal of Canadian Studies<\/em>\u00a028:4 (Winter, 1993\/94): 117- 131.<\/p>\n<p>Anderson, Frank W. \u201cLouis Riel\u2019s Insanity Reconsidered.\u201d\u00a0<em>Saskatchewan History<\/em>\u00a03 (1950): 104- 110.<\/p>\n<p>Arnup, Katherine. \u201cRaising the Dionne Quintuplets: Lessons for Modern Mothers.\u201d\u00a0Journal of Canadian Studies\u00a029:4 (Winter 1994\/95): 65-85.<\/p>\n<p>Baehre, Rainer. \u201cVictorian Psychiatry and Canadian Motherhood.\u201d\u00a0<em>Canadian Women\u2019s Studies<\/em>\u00a02 (1980): 44-46.\u00a0\u00a0<\/p>\n<p>Bassett, Anne S. \u201cGenetics.\u201d In Quentin Rae-Grant (ed.).\u00a0<em>Images in Psychiatry: Canada.<\/em> Washington, D.C.: American Psychiatric Press, Inc., 1996: 245-248.\u00a0<\/p>\n<p>Bliss, Michael. \u2018\u2018\u2018Pure Books on Avoided Subjects\u2019: Pre-Freudian Sexual Ideas in Canada.\u201d In S.E.D. Shortt (ed.).\u00a0<em>Medicine in Canadian Society: Historical Perspectives.<\/em> Montreal: McGill-Queen\u2019s University Press, 1981: 255-283.<\/p>\n<p>Boissonneault, Marcel. \u201cModication.\u201d In Bonnie Burstow and Don Weitz (eds.).\u00a0<em>Shrink Resistant: The Struggle Against Psychiatry in Canada.<\/em> Vancouver: New Star Books, 1988: 225-227.\u00a0<\/p>\n<p>Burnet, Jean R. \u201cThe Urban Community and Changing Moral Standards.\u201d In Michiel Horn and Ronald Sabourin (eds.).\u00a0<em>Studies in Canadian Social History.<\/em> Toronto: McClelland &amp; Stewart, 1974: 298-325.\u00a0<\/p>\n<p>Burstow, Bonnie. \u201cA History of Psychiatric Homophobia.\u201d\u00a0<em>Phoenix Rising: The Voice of the Psychiatrized<\/em>\u00a08:3\/4 (July, 1990): S38-S39.<\/p>\n<p>Cellard, Andr\u00e9. \u00abFolie, norme et r\u00f4les sexuels au Qu\u00e9bec dans la seconde moiti\u00e9 du XIXe si\u00e8cle\u00bb,\u00a0<em>Revue d\u2019histoire de l\u2019Am\u00e9rique fran\u00e7aise\u00a0<\/em>47:2 (1993): 245-255.\u00a0<\/p>\n<p>Chapman, Terry L. \u201cEarly Eugenics Movement in Western Canada.\u201d <em>Alberta History<\/em> 25:4 (Autumn, 1977): 9-17.<\/p>\n<p>Christie, Laird and Joel M. Halpern. \u201cTemporal Constructs and Inuit Mental Health.\u201d <em>Social Science and Medicine<\/em> 30:6 (1990): 739-749.<\/p>\n<p>Clark, Daniel. \u201cThe Relationship of Mind and Body.\u201d <em>American Journal of Insanity<\/em> 49:1 (July 1892): 1-25.\u00a0<\/p>\n<p>Clark, Daniel. \u201cNeurasthenia.\u201d <em>Canadian Practitioner<\/em> 13:7 (July, 1888): 109-115.\u00a0<\/p>\n<p>Clark, Daniel. \u201cHeredity.\u201d <em>Canadian Methodist Magazine<\/em> 19 (1884): 257-267.\u00a0<\/p>\n<p>Clarke, C.K. \u201cThe Defective and Insane Immigrant.\u201d <em>Bulletin of the Ontario Hospitals for the Insane<\/em> 1:2 (July, 1908): 3-22.\u00a0<\/p>\n<p>Clarke, C.K. \u201cThe Detection of Mental Defect in School Children.\u201d <em>Canadian Journal of Medicine and Surgery<\/em> 21:6 (June, 1907): 343-348.\u00a0<\/p>\n<p>Clarke, C.K. \u201cDementia Praecox.\u201d <em>Canadian Journal of Medicine and Surgery<\/em> 21:4 (April, 1907): 219-223.\u00a0<\/p>\n<p>Clarke, C.K. \u201cA Critical Study of the Case of Louis Riel.\u201d <em>Queen\u2019s Quarterly<\/em> 12 (1904-1905): 379-388; 13 (1905-1906): 14-26.\u00a0<\/p>\n<p>Clarke, C.K. &amp; Webster, J. \u201cNotes of a Clinical Case: The Case of Wm. B. Moral Imbecility.\u201d <em>Bulletin of the Ontario Hospitals for the Insane<\/em> 7:4 (July 1914): 207-231.\u00a0<\/p>\n<p>Conley-Active, D. \u201cWhat to Do About Boris.\u201d In Bonnie Burstow and Don Weitz (eds). <em>Shrink Resistant: The Struggle Against Psychiatry in Canada.<\/em> Vancouver: New Star Books, 1988: 41-43.\u00a0<\/p>\n<p>Delage, Jocelyne. \u201c[Fifty Years of Child Psychiatry in Quebec: From the School of La Jemmerais to the Chair of Child and Juvenile Psychiatry (author\u2019s translation)].\u201d<em> Neuropsychiatrie de l\u2019enfance et de l\u2019adolescence<\/em> 28:6 (June, 1980): 239-241.\u00a0<\/p>\n<p>Delhi, Kari. \u201cFictions of the Scientific Imagination: Researching the Dionne Quintuplets.\u201d<em> Journal of Canadian Studies<\/em> 29:4 (Winter, 1994\/95): 86-110.\u00a0<\/p>\n<p>Desjardins, Edouard et Charles Dumas. \u201cLe complexe medical de Louis Riel.\u201d <em>L\u2019Union Medicale du Canada<\/em> 99 (1970): 1656-1661, 1870-1878.\u00a0<\/p>\n<p>Dodd, Dianne. \u201cAdvice to Parents: The Blue Books, Helen MacMurchy, MD, and the Federal Department of Health, 1920-34.\u201d <em>Canadian Bulletin of Medical History<\/em> 8:2 (1991): 203- 230.\u00a0<\/p>\n<p>Eastwood, M. Robin, and Harold Merskey. \u201cDementia.\u201d In Quentin Rae-Grant (ed.). <em>Images in Psychiatry: Canada.<\/em> Washington, D.C.: American Psychiatric Press, Inc., 1996: 241-243.<\/p>\n<p>\u00a0(Editorial) \u201cIs Mental Illness a Crime?-Surely Not.\u201d <em>Canadian Journal of Medicine and Surgery<\/em> 13:3 (March, 1903): 205-206.\u00a0<\/p>\n<p>El-Guebaly, Nady.. \u201cAddiction Psychiatry and Management of Substance Related Disorders.\u201d In Quentin Rae-Grant (ed.). <em>Images in Psychiatry: Canada.<\/em> Washington, D.C.: American Psychiatric Press, 1996: 67-77.<\/p>\n<p>Everett, B. \u201cSomething is Happening: The Contemporary Consumer and Psychiatric Survivor Movement in Historical Context.\u201d The Journal of Mind and Behaviour 15 (1994): 55-70.<\/p>\n<p>Gleason, Mona. \u201cGrowing Up to be \u2018Normal\u2019: Psychology Constructs Proper Gender Roles in Post-World War II Canada, 1945-1960.\u201d In Lori Chambers and Edgar-Andr\u00e9 Montigny (eds.). F<em>amily Matters: Papers in Post-Confederation Canadian Family History.<\/em> Toronto: Canadian Scholars\u2019 Press, 1998.<\/p>\n<p>Gleason, Mona. \u201cPsychology and the construction of the \u2018normal\u2019 family in postwar Canada, 1945-60.\u201d <em>The Canadian Historical Review<\/em> 78:3 (1997): 442-477.\u00a0<\/p>\n<p>Goldberg, Benjamin. \u201cDevelopmental Disabilities.\u201d In Quentin Rae-Grant (ed.). <em>Images in Psychiatry: Canada.<\/em> Washington, D.C.: American Psychiatric Press, 1996: 39-43.\u00a0<\/p>\n<p>Goldbloom, David S. \u201cThe Early Canadian History of Anorexia Nervosa.\u201d <em>Canadian Journal of Psychiatry<\/em> 42:2 (March, 1997): 163-167.<\/p>\n<p>Greenland, Cyril. \u201cCanadian Pioneers in Mental Retardation.\u201d <em>Rehabilitation in Canada<\/em> 17 (1967-68): 3-6.<\/p>\n<p>Greenland, Cyril. \u201cL\u2019Affaire Shortis and the Valleyfield Murders.\u201d <em>Canadian Psychiatric Association Journal<\/em> 7 (1962): 261-271.<\/p>\n<p>Harvey, Fernand et Samuel Rodrigue. Mat\u00e9riel pour une sociologie des maladies mentales au Qu\u00e9bec. No15, <em>Cahiers de l\u2019ISSH<\/em>, Universit\u00e9 Laval, Qu\u00e9bec, 1974, coll.\u00a0<\/p>\n<p>Kelm, Mary-Ellen. \u201cWomen, Families, and the Provincial Hospital for the Insane, British Columbia, 1905-1915.\u201d <em>Journal of Family History<\/em> 19:2 (1994): 177-194.\u00a0<\/p>\n<p>Kendall, Kathleen A. \u201cMental Illness \u2013 Tales of Madness: From the Asylum to \u2018Oprah,\u2019\u201d In Bernard Schissel and Linda Mahood (eds.). <em>Social Control in Canada: Issues in the Social Construction of Deviance.<\/em> Toronto: Oxford University Press, 1996.\u00a0<\/p>\n<p>Kendall, Kathleen A. \u2018Psy-ence fiction: Inventing the Mentally Disordered Female Prisoner.\u201d In Kelly Hannah-Moffat and Margaret Shaw (eds.). <em>An Ideal Prison? Critical Essays on Women\u2019s Imprisonment in Canada<\/em>. Halifax: Fernwood, 2000.<\/p>\n<p>Keshen, Jeffrey. \u201cWartime Jitters over Juveniles: Canada\u2019s Delinquency Scare and Its Consequences.\u201d In Jeffrey Keshen (ed.). <em>Age of Contention: Readings in Canadian Social History, 1900-1945<\/em>. Toronto: Harcourt Brace Canada, 1997.<\/p>\n<p>MacLennan, David. \u201cBeyond the Asylum: Professionalization and the Mental Hygiene Movement in Canada, 1914-28.\u201d <em>Canadian Bulletin of Medical History<\/em> 4:1 (1987): 7-24.<\/p>\n<p>Malleck, Daniel. \u201c\u2018A state bordering on insanity?\u2019: Identifying Drug Addiction in Nineteenth- Century Canadian Asylums.\u201d <em>Canadian Bulletin of Medical History<\/em> 16 (1999): 247-269.<\/p>\n<p>Malleck, Daniel. \u201c\u2018Its baneful influences are too well known\u2019: Debates over Drug Use in Canada, 1867-1908.\u201d <em>Canadian Bulletin of Medical History<\/em> 14 (1997): 263-288.<\/p>\n<p>Markson, E.R., Cyril Greenland and R.E. Turner. \u201cThe Life and Death of Louis Riel: A Study in Forensic Psychiatry.\u201d <em>Canadian Psychiatric Association Journal<\/em> 10 (October, 1965): 246-264. (3 part article).<\/p>\n<p>Martin, D.F. \u201cThe Mental Hygiene Movement in Canada.\u201d <em>The Canadian Journal of Medicine and Surgery<\/em> 63 (1928): 167-173.<\/p>\n<p>Maynard, Stephen. \u201cOn the Case of the Case: The Emergence of the Homosexual as a Case History in Early Twentieth Century Canada.\u201d In Franca Iacovetta and Wendy Mitchinson (eds.).<em> On the Case: Explorations in Social History.<\/em> Toronto: University of Toronto Press, 1998: 65-87.<\/p>\n<p>Maynard, Stephen. \u2018\u2018\u2018Horrible Temptations\u2019: Sex, Men, and Working-Class Male Youth in Urban Ontario, 1890-1935.\u201d <em>Canadian Historical Review<\/em> 78:2 (June, 1997): 191-235.\u00a0<\/p>\n<p>McLaren, Angus. \u201cThe Creation of a Haven for \u2018Human Thoroughbreds\u2019: The Sterilization of the Feeble-Minded and the Mentally III in British Columbia.\u201d <em>Canadian Historical Review<\/em> 67:2 (June, 1986): 127-150.\u00a0<\/p>\n<p>McPherson, Cathy. \u201cViolence Against Women with Disabilities.\u201d <em>Canadian Woman Studies<\/em> 11:4 (Summer, 1991): 49-50.\u00a0<\/p>\n<p>Menzies, Robert. \u201cHistorical Profiles of Criminal Insanity.\u201d <em>International Journal of Law and Psychiatry<\/em> 25 (2002): 379-404. \u00a0<\/p>\n<p>Menzies, Robert. \u201c\u2018Unfit\u2019 Citizens and the B.C. Royal Commission on Mental Hygiene, 1925- 28.\u201d In Robert Adamoski, Dorothy E. Chunn and Robert Menzies (eds.). <em>Contesting Canadian Citizenship: Historical Readings.<\/em> Peterborough ON: Broadview Press, 2002.\u00a0<\/p>\n<p>Menzies, Robert. \u201cThe making of Criminal Insanity in British Columbia: Granby Farrant and the Provincial Mental Home, Colquitz, 1919-1933.\u201d In John McLaren and Hamar Foster (eds.). <em>Essays on the History of Canadian Law: Volume VI<\/em>. British Columbia and the Yukon. Toronto: Osgoode Society and the University of Toronto Press, 1995.\u00a0<\/p>\n<p>Miron, Janet. \u201c\u2018Open to the Public\u2019: Touring Ontario Asylums in the Nineteenth Century.\u201d In James E. Moran and David Wright (eds.). <em>Mental Health and Canadian Society: Historical Perspectives.<\/em> Montr\u00e9al-Kingston: McGill-Queen\u2019s University Press, 2006.\u00a0<\/p>\n<p>Mitchinson, Wendy. \u201cGender and Insanity as Characteristics of the Insane: A Nineteenth- Century Case.\u201d <em>Canadian Bulletin of Medical History<\/em> 4 (1987): 99-117.\u00a0<\/p>\n<p>Mitchinson, Wendy. \u201cHysteria and Insanity in Women: A Nineteenth-Century Canadian Perspective.\u201d <em>Journal of Canadian Studies<\/em> 21:3 (1986): 87-105.<\/p>\n<p>Mitchinson, Wendy. \u201cMedical Perceptions of Female Sexuality: A Late Nineteenth Century Case.\u201d <em>Scientia Canadensis<\/em> 9:1 (June, 1985): 67-81.<\/p>\n<p>Mitchinson, Wendy. \u201cA Medical Debate in Nineteenth-Century English Canada: Ovariotomies.\u201d <em>Histoire Sociale\/Social History<\/em> 17 (May, 1984): 133-147.<\/p>\n<p>Mitchinson, Wendy. \u201cReasons for Committal to a Mid-Nineteenth Century Ontario Insane Asylum: The Case of Toronto.\u201d In Wendy Mitchinson and Janice Dickin McGinnis (eds.). <em>Essays in the History of Canadian Medicine.<\/em> Toronto: McClelland &amp; Stewart, 1988.<\/p>\n<p>Moran, James E. \u201cThe Signal and the Noise: The Historical Epidemiology of Insanity in Ante- Bellum New Jersey.\u201d <em>History of Psychiatry<\/em> 14:3 (September, 2003): 281-301.<\/p>\n<p>Mundie, Gordon S. \u201cThe Problem of the Mentally Defective in the Province of Quebec.\u201d <em>Canadian Medical Association Journal<\/em> 10 (1920): 63-69.<\/p>\n<p>Myers, Tamara. \u201cThe Voluntary Delinquent: Parents, Daughters, and the Montreal Juvenile Delinquents\u2019 Court in 1918.\u201d <em>Canadian Historical Review<\/em> 80:2 (June, 1999): 242-268.<\/p>\n<p>Myers, Tamara. \u201cQui t\u2019a Debauchee? Family Adolescent Sexuality and the Juvenile Delinquent\u2019s Court in Early Twentieth-Century Montreal.\u201d In Lori Chambers and Edgar- Andr\u00e9 Montigny (eds.). F<em>amily Matters: Papers in Post-Confederation Canadian Family History.<\/em> Toronto: Canadian Scholars\u2019 Press, 1998: 376-394.\u00a0\u00a0<\/p>\n<p>P\u00e2quet, Martin. \u201c\u2018Diminuer le danger par de bons r\u00e8glemens int\u00e9rieurs\u2019: \u00c9tat colonial et contr\u00f4le m\u00e9dical des migrations au Bas-Canada et au Canada-Uni, 1795-1854.\u201d <em>Canadian Bulletin of Medical History\/Bulletin canadien d\u2019histoire de la m\u00e9decine<\/em> 16:2 (1999): 271-291.<\/p>\n<p>Nootens, Thierry. \u201c\u2018For Years We Have Never Had a Happy Home\u201d: Madness and Families in Nineteenth-Century Montreal.\u201d In James E. Moran and David Wright (eds.). <em>Mental Health and Canadian Society: Historical Perspectives.<\/em> Montr\u00e9al-Kingston: McGill- Queen\u2019s University Press, 2006.<\/p>\n<p>Northway, Mary L. \u201cChild Study in Canada: A Casual History.\u201d In Lois M. Brockman, John H. Whitely and John P. Zubek. (eds.). <em>Child Development: Selected Readings.<\/em> Toronto: McClelland and Stewart, 1973: 11-46.\u00a0<\/p>\n<p>Park, Deborah C. and John P. Radford. \u201cSpace, Place and the Asylum: An Introduction.\u201d Health and Place 3:2 (June, 1997): 71-72.<\/p>\n<p>Perr, Irwin N. \u201cReligion, Political Leadership, Charisma and Mental Illness: The Strange Story of Louis Riel.\u201d <em>Journal of Forensic Sciences<\/em> 37:2 (March, 1992): 574-584.<\/p>\n<p>Reaume, Geoffrey. \u201cLunatic to Patient to Person: Nomenclature in Psychiatric History and the Influence of Patients\u2019 Activism in North America.\u201d <em>International Journal of Law and Psychiatry<\/em> 25 (July-August, 2002): 405-426.<\/p>\n<p>Reaume, Geoffrey. \u201cKeep your labels off my mind! or \u201cNow I am going to pretend I am craze but don\u2019t Be a bit alarmed!\u2019: Psychiatric History from the Patients\u2019 Perspectives.\u201d <em>Canadian Bulletin of Medical History<\/em> 11 (1994): 397-424.\u00a0<\/p>\n<p>Reaume, Geoffrey. \u201cNo Profits, Just a Pittance: Work, Compensation and People Defined as Mentally Disabled in Ontario, 1964-1990.\u201d In Steven Noll and James W. Trent (eds.).<em> Mental Retardation in America.<\/em> New York: NYU Press, 2004.<\/p>\n<p>Ross, George W. \u201cA Test for the Diagnosis of General Paralysis of the Insane.\u201d <em>Canadian Journal of Medicine and Surgery<\/em> 27:4 (May 1910): 297-303.<\/p>\n<p>Seeman, Mary V. \u201cSchizophrenia.\u201d In Quentin Rae-Grant (ed.). <em>Images in Psychiatry: Canada.<\/em> Washington, D.C.: American Psychiatric Press, 1996: 223-227.<\/p>\n<p>Smith, Dorothy E. \u201cThe Statistics on Mental Illness: (What They Will Not Tell Us About Women and Why).\u201d In Dorothy E. Smith and Sara J. David (eds.). <em>Women Look at Psychiatry<\/em>. Vancouver: Press Gang Publishers, 1975: 73-119.<\/p>\n<p>Stafford, Ezra H. \u201cSome Clinical Aspects of Mental Disease.\u201d <em>Canadian Journal of Medicine and Surgery<\/em> 1:4 (April, 1897): 157-162.<\/p>\n<p>Sutherland, Neil. \u201c\u2018To Create a Strong and Healthy Race: School Children in the Public Health Movement, 1880-1914.\u201d In S.E.D. Shortt (ed.). <em>Medicine in Canadian Society: Historical Perspectives<\/em>. Montreal: McGill-Queen\u2019s University Press, 1981: 361-393.<\/p>\n<p>Willer, Barry and Gary Miller. \u201cClassification, Cause and Symptoms of Mental Illness: 1890- 1900 in Ontario.\u201d <em>Canadian Psychiatric Association Journal<\/em> 22:5 (August, 1977): 231- 235.<\/p>\n<p>Willer, Barry and Gary Miller. \u201cPrognosis and Outcome of Mental Illness: 1890-1900 in Ontario.\u201d <em>Canadian Psychiatric Association Journal<\/em> 22:5 (August, 1977): 235-238.<\/p>\n<p>Workman, Joseph. \u201cMoral Insanity: What Is It?\u201d <em>American Journal of Insanity<\/em> 39:43 (January, 1883): 334-348.<\/p>\n<p><\/p>","protected":false},"excerpt":{"rendered":"<p>Articles \/ Chapitres Diagnostic et compr\u00e9hension Adams, Mary Louise. \u201cIn Sickness and in Health: State Formation, Moral Regulation, and Early VD Initiatives in Ontario.\u201d\u00a0Journal of Canadian Studies\u00a028:4 (Winter, 1993\/94): 117- 131. Anderson, Frank W. \u201cLouis Riel\u2019s Insanity Reconsidered.\u201d\u00a0Saskatchewan History\u00a03 (1950): 104- 110. Arnup, Katherine. \u201cRaising the Dionne Quintuplets: Lessons for Modern Mothers.\u201d\u00a0Journal of Canadian Studies\u00a029:4 &hellip; <\/p>\n","protected":false},"author":3,"featured_media":0,"parent":1619,"menu_order":1,"comment_status":"closed","ping_status":"closed","template":"","meta":{"footnotes":""},"class_list":["post-1737","page","type-page","status-publish","hentry","entry"],"aioseo_notices":[],"_links":{"self":[{"href":"https:\/\/arch.madnesscanada.com\/fr\/wp-json\/wp\/v2\/pages\/1737"}],"collection":[{"href":"https:\/\/arch.madnesscanada.com\/fr\/wp-json\/wp\/v2\/pages"}],"about":[{"href":"https:\/\/arch.madnesscanada.com\/fr\/wp-json\/wp\/v2\/types\/page"}],"author":[{"embeddable":true,"href":"https:\/\/arch.madnesscanada.com\/fr\/wp-json\/wp\/v2\/users\/3"}],"replies":[{"embeddable":true,"href":"https:\/\/arch.madnesscanada.com\/fr\/wp-json\/wp\/v2\/comments?post=1737"}],"version-history":[{"count":5,"href":"https:\/\/arch.madnesscanada.com\/fr\/wp-json\/wp\/v2\/pages\/1737\/revisions"}],"predecessor-version":[{"id":2568,"href":"https:\/\/arch.madnesscanada.com\/fr\/wp-json\/wp\/v2\/pages\/1737\/revisions\/2568"}],"up":[{"embeddable":true,"href":"https:\/\/arch.madnesscanada.com\/fr\/wp-json\/wp\/v2\/pages\/1619"}],"wp:attachment":[{"href":"https:\/\/arch.madnesscanada.com\/fr\/wp-json\/wp\/v2\/media?parent=1737"}],"curies":[{"name":"wp","href":"https:\/\/api.w.org\/{rel}","templated":true}]}}