{"id":1749,"date":"2019-08-10T10:37:15","date_gmt":"2019-08-10T14:37:15","guid":{"rendered":"http:\/\/madnesscanada.com\/?page_id=1749"},"modified":"2019-11-10T16:27:12","modified_gmt":"2019-11-10T21:27:12","slug":"articles-chapters","status":"publish","type":"page","link":"https:\/\/arch.madnesscanada.com\/fr\/resources\/scholarship\/equity\/articles-chapters\/","title":{"rendered":"Articles \/ Chapitres"},"content":{"rendered":"<p><\/p>\n<!-- Widget Shortcode --><div id=\"nav_menu-3\" class=\"widget widget_nav_menu widget-shortcode area-arbitrary \"><h2 class=\"widgettitle\">(English) Resources<\/h2><div class=\"menu-resources-container\"><ul id=\"menu-resources-1\" class=\"menu\"><li class=\"menu-item menu-item-type-post_type menu-item-object-page menu-item-836\"><a href=\"https:\/\/arch.madnesscanada.com\/fr\/resources\/\">Ressources<\/a><\/li>\n<li class=\"menu-item menu-item-type-post_type menu-item-object-page menu-item-838\"><a href=\"https:\/\/arch.madnesscanada.com\/fr\/resources\/scholarship\/\">Publications scientifiques<\/a><\/li>\n<li class=\"menu-item menu-item-type-post_type menu-item-object-page menu-item-841\"><a href=\"https:\/\/arch.madnesscanada.com\/fr\/resources\/archives\/\">Archives<\/a><\/li>\n<li class=\"menu-item menu-item-type-post_type menu-item-object-page menu-item-839\"><a href=\"https:\/\/arch.madnesscanada.com\/fr\/resources\/images\/\">Photographies<\/a><\/li>\n<li class=\"menu-item menu-item-type-post_type menu-item-object-page menu-item-840\"><a href=\"https:\/\/arch.madnesscanada.com\/fr\/resources\/video\/\">Vid\u00e9os<\/a><\/li>\n<li class=\"menu-item menu-item-type-post_type menu-item-object-page menu-item-1595\"><a href=\"https:\/\/arch.madnesscanada.com\/fr\/resources\/voices\/\">T\u00e9moignages<\/a><\/li>\n<li class=\"menu-item menu-item-type-post_type menu-item-object-page menu-item-2339\"><a href=\"https:\/\/arch.madnesscanada.com\/fr\/resources\/about-resources\/\">\u00c0 propos des ressources<\/a><\/li>\n<\/ul><\/div><\/div><!-- \/Widget Shortcode -->\n<!-- Widget Shortcode --><div id=\"search-3\" class=\"widget widget_search widget-shortcode area-arbitrary \"><h2 class=\"widgettitle\">(English) SEARCH<\/h2><form role=\"search\" method=\"get\" class=\"search-form\" action=\"https:\/\/arch.madnesscanada.com\/fr\/\">\n\t\t\t\t<label>\n\t\t\t\t\t<span class=\"screen-reader-text\">Rechercher\u00a0:<\/span>\n\t\t\t\t\t<input type=\"search\" class=\"search-field\" placeholder=\"Rechercher\u2026\" value=\"\" name=\"s\" \/>\n\t\t\t\t<\/label>\n\t\t\t\t<input type=\"submit\" class=\"search-submit\" value=\"Rechercher\" \/>\n\t\t\t<\/form><\/div><!-- \/Widget Shortcode -->\n<div class=\"rightmenu\"><!-- Widget Shortcode --><div id=\"nav_menu-17\" class=\"widget widget_nav_menu widget-shortcode area-arbitrary \"><h2 class=\"widgettitle\">(English) Equity<\/h2><div class=\"menu-equity-container\"><ul id=\"menu-equity-1\" class=\"menu\"><li class=\"menu-item menu-item-type-post_type menu-item-object-page menu-item-1757\"><a href=\"https:\/\/arch.madnesscanada.com\/fr\/resources\/scholarship\/equity\/\">\u00c9quit\u00e9<\/a><\/li>\n<li class=\"menu-item menu-item-type-post_type menu-item-object-page menu-item-1755\"><a href=\"https:\/\/arch.madnesscanada.com\/fr\/resources\/scholarship\/equity\/theses-unpublished\/\">Textes in\u00e9dits \/ th\u00e8ses<\/a><\/li>\n<li class=\"menu-item menu-item-type-post_type menu-item-object-page menu-item-1754\"><a href=\"https:\/\/arch.madnesscanada.com\/fr\/resources\/scholarship\/equity\/articles-chapters\/\">Articles \/ Chapitres<\/a><\/li>\n<li class=\"menu-item menu-item-type-post_type menu-item-object-page menu-item-1753\"><a href=\"https:\/\/arch.madnesscanada.com\/fr\/resources\/scholarship\/equity\/books\/\">Livres<\/a><\/li>\n<li class=\"menu-item menu-item-type-post_type menu-item-object-page menu-item-1756\"><a href=\"https:\/\/arch.madnesscanada.com\/fr\/resources\/scholarship\/\">Scholarship<\/a><\/li>\n<\/ul><\/div><\/div><!-- \/Widget Shortcode --><\/div>\n<nav aria-label=\"breadcrumbs\">\n            <div class=\"breadcrumb-container theme1\">\n                <ol>\n                                    <\/ol>\n            <\/div>\n        <\/nav>    <script type=\"application\/ld+json\">\n        {\n            \"@context\": \"http:\/\/schema.org\",\n            \"@type\": \"BreadcrumbList\",\n            \"itemListElement\": [\n                            ]\n        }\n    <\/script>\n   \n    <script>\n            <\/script>\n\n<h1>Articles \/ Chapitres<\/h1>\n<h4 id=\"moduleIntro\" class=\"artefacts\">\u00c9quit\u00e9<\/h4>\n<p>Adams, Mary Louise. \u201cIn Sickness and in Health: State Formation, Moral Regulation, and Early VD Initiatives in Ontario.\u201d\u00a0<em>Journal of Canadian Studies<\/em>\u00a028:4 (Winter, 1993\/94): 117- 131.<\/p>\n<p>Adams, Mary Louise. \u201cYouth, Corruptibility, and English-Canadian Postwar Campaigns Against Indecency, 1948-1955.\u201d\u00a0<em>Journal of the History of Sexuality<\/em>\u00a06:1 (July, 1995): 89-117.<\/p>\n<p>Advocacy Resource Centre for the Handicapped. \u201cWill the Charter Change Sheltered Workshops?\u201d\u00a0<em>Phoenix Rising: The Voice of the Psychiatrized<\/em>\u00a05:2&amp;3 (August, 1985): 31A-32A.<\/p>\n<p>Backhouse, Constance. \u2018The White Women\u2019s Labour Laws: Anti-Chinese Racism in Early Twentieth Century Canada\u2019,\u00a0<em>Law and History Review<\/em>\u00a014 (1996): 315-68.\u00a0<\/p>\n<p>Browne, Angela. \u201cWhy Should the Poor Always Be With Us?\u201d In Jeanine Grobe (ed.).\u00a0<em>Beyond Bedlam: Contemporary Women Psychiatric Survivors Speak Out.<\/em> Chicago: Third Side Press, 1995: 213-229.\u00a0<\/p>\n<p>Buckley, Suzann and Dickin McGinnis, Janice. \u201cVenereal Disease and Public Health Reform in Canada.\u201d\u00a0<em>Canadian Historical Review<\/em>\u00a063:3 (September, 1982): 337-354.\u00a0<\/p>\n<p>Cairney, Richard. \u2018\u2018\u2018Democracy Was Never Intended for Degenerates\u2019: Alberta\u2019s Flirtation with Eugenics Comes Back to Haunt It.\u201d\u00a0<em>Canadian Medical Association Journal<\/em> 155: 6 (September 15, 1996): 789-792.\u00a0<\/p>\n<p>Canadian Nine. \u201cConversations with the Allan Memorial Victims.\u201d In Bonnie Burstow and Don Weitz (eds.).\u00a0<em>Shrink Resistant: The Struggle Against Psychiatry in Canada.<\/em> Vancouver: New Star Books, 1988: 201-205.\u00a0 \u00a0<\/p>\n<p>Cassel, Jay. \u201cPrivate Acts and Public Actions: The Canadian Response to the Problem of Sexually Transmitted Disease in the Twentieth Century.\u201d\u00a0<em>Transactions of the Royal Society of Canada<\/em>\u00a04 (1989): 305-328.\u00a0<\/p>\n<p>Chapman, Terry L. \u201cEarly Eugenics Movement in Western Canada.\u201d <em>Alberta History<\/em> 25:4 (Autumn, 1977): 9-17.\u00a0<\/p>\n<p>Clarke, C.K. \u201cThe Defective and Insane Immigrant.\u201d <em>Bulletin of the Ontario Hospitals for the Insane<\/em> 1:2 (July, 1908): 3-22.\u00a0<\/p>\n<p>Clarke, C.K. \u201cThe Detection of Mental Defect in School Children.\u201d <em>Canadian Journal of Medicine and Surgery<\/em> 21:6 (June, 1907): 343-348.\u00a0<\/p>\n<p>Everett, B. \u201cSomething is Happening: The Contemporary Consumer and Psychiatric Survivor Movement in Historical Context.\u201d <em>The Journal of Mind and Behaviour<\/em> 15 (1994): 55-70.<\/p>\n<p>Joyce, Barbara. \u201cI\u2019m Not Crazy After All.\u201d In Dorothy E. Smith and Sara J. David (eds.). <em>Women Look at Psychiatry.<\/em> Vancouver: Press, Gang Publishers, 1975: 183-194.<\/p>\n<p>Kappel, Bruce. \u201cA History of People First in Canada.\u201d In Gunnar Dybwad and Hank Bersani Jr. (eds.). <em>New Voices: Self-Advocacy by People with Disabilities.<\/em> Cambridge, Massachusetts: Brookline Books, 1996: 93-129. \u00a0<\/p>\n<p>Menzies, Robert. \u201cGoverning Mentalities: The Deportation of \u2018Insane\u2019 and \u2018Feebleminded\u2019 Immigrants out of British Columbia from Confederation to World War II.\u201d <em>Canadian Journal of Law and Society<\/em> 13:2 (Fall, 1998): 135-173.<\/p>\n<p>Morell-Bellai, Tammy L. and Katherine M. Boydell. \u201cThe Experience of Mental Health Consumers as Researchers.\u201d <em>Canadian Journal of Community Mental Health<\/em> 13:1 (Spring, 1994): 97-110.<\/p>\n<p>P\u00e2quet, Martin. \u201c\u2018Diminuer le danger par de bons r\u00e8glemens int\u00e9rieurs\u2019: \u00c9tat colonial et contr\u00f4le m\u00e9dical des migrations au Bas-Canada et au Canada-Uni, 1795-1854.\u201d <em>Canadian Bulletin of Medical History\/Bulletin canadien d\u2019histoire de la m\u00e9decine<\/em> 16:2 (1999): 271-291.<\/p>\n<p>Rapp, Morton S. \u201cEthics in Behavior Therapy: Historical Aspects and Current Status.\u201d <em>Canadian Journal of Psychiatry<\/em> 29:7 (November, 1984): 547-550.<\/p>\n<p>Reaume, Geoffrey. \u201cLunatic to Patient to Person: Nomenclature in Psychiatric History and the Influence of Patients\u2019 Activism in North America.\u201d <em>International Journal of Law and Psychiatry<\/em> 25 (July-August, 2002): 405-426.<\/p>\n<p>Reaume, Geoffrey. \u201cConsumer\/Survivor Movement in Promoting Patients\u2019 Rights in Ontario, 1977 to Present.\u201d In <em>Mental Health and Patients\u2019 Rights in Ontario: Yesterday, Today and Tomorrow \u2013 20th Anniversary Special Report.<\/em> Psychiatric Patient Advocate Office. Toronto: Queen\u2019s Printer, 2003.<\/p>\n<p>Smith, Dorothy E. \u201cThe Statistics on Mental Illness: (What They Will Not Tell Us About Women and Why).\u201d In Dorothy E. Smith and Sara J. David (eds.). <em>Women Look at Psychiatry<\/em>. Vancouver: Press Gang Publishers, 1975: 73-119.<\/p>\n<p>Stapleton, Steve. \u201cClose Encounters of the Worst Kind.\u201d In Bonnie Burstow and Don Weitz (eds.). <em>Shrink Resistant: The Struggle Against Psychiatry in Canada.<\/em> Vancouver: New Star Books, 1988: 242-245.<\/p>\n<p>Voineskos, George. \u201cLocked Wards in Canadian Mental Hospitals: The Return to Custodialism.\u201d <em>Canadian Medical Association Journal<\/em> 114:8 (April 17, 1976): 689-691, 694.<\/p>\n<p><\/p>","protected":false},"excerpt":{"rendered":"<p>Articles \/ Chapitres \u00c9quit\u00e9 Adams, Mary Louise. \u201cIn Sickness and in Health: State Formation, Moral Regulation, and Early VD Initiatives in Ontario.\u201d\u00a0Journal of Canadian Studies\u00a028:4 (Winter, 1993\/94): 117- 131. Adams, Mary Louise. \u201cYouth, Corruptibility, and English-Canadian Postwar Campaigns Against Indecency, 1948-1955.\u201d\u00a0Journal of the History of Sexuality\u00a06:1 (July, 1995): 89-117. Advocacy Resource Centre for the Handicapped. &hellip; <\/p>\n","protected":false},"author":3,"featured_media":0,"parent":1622,"menu_order":1,"comment_status":"closed","ping_status":"closed","template":"","meta":{"footnotes":""},"class_list":["post-1749","page","type-page","status-publish","hentry","entry"],"aioseo_notices":[],"_links":{"self":[{"href":"https:\/\/arch.madnesscanada.com\/fr\/wp-json\/wp\/v2\/pages\/1749"}],"collection":[{"href":"https:\/\/arch.madnesscanada.com\/fr\/wp-json\/wp\/v2\/pages"}],"about":[{"href":"https:\/\/arch.madnesscanada.com\/fr\/wp-json\/wp\/v2\/types\/page"}],"author":[{"embeddable":true,"href":"https:\/\/arch.madnesscanada.com\/fr\/wp-json\/wp\/v2\/users\/3"}],"replies":[{"embeddable":true,"href":"https:\/\/arch.madnesscanada.com\/fr\/wp-json\/wp\/v2\/comments?post=1749"}],"version-history":[{"count":3,"href":"https:\/\/arch.madnesscanada.com\/fr\/wp-json\/wp\/v2\/pages\/1749\/revisions"}],"predecessor-version":[{"id":2572,"href":"https:\/\/arch.madnesscanada.com\/fr\/wp-json\/wp\/v2\/pages\/1749\/revisions\/2572"}],"up":[{"embeddable":true,"href":"https:\/\/arch.madnesscanada.com\/fr\/wp-json\/wp\/v2\/pages\/1622"}],"wp:attachment":[{"href":"https:\/\/arch.madnesscanada.com\/fr\/wp-json\/wp\/v2\/media?parent=1749"}],"curies":[{"name":"wp","href":"https:\/\/api.w.org\/{rel}","templated":true}]}}