{"id":1771,"date":"2019-08-10T10:45:01","date_gmt":"2019-08-10T14:45:01","guid":{"rendered":"http:\/\/madnesscanada.com\/?page_id=1771"},"modified":"2019-11-10T20:18:02","modified_gmt":"2019-11-11T01:18:02","slug":"articles-chapters","status":"publish","type":"page","link":"https:\/\/arch.madnesscanada.com\/fr\/resources\/scholarship\/gender-sexuality\/articles-chapters\/","title":{"rendered":"Articles \/ Chapitres"},"content":{"rendered":"<p><\/p>\n<!-- Widget Shortcode --><div id=\"nav_menu-3\" class=\"widget widget_nav_menu widget-shortcode area-arbitrary \"><h2 class=\"widgettitle\">(English) Resources<\/h2><div class=\"menu-resources-container\"><ul id=\"menu-resources-1\" class=\"menu\"><li class=\"menu-item menu-item-type-post_type menu-item-object-page menu-item-836\"><a href=\"https:\/\/arch.madnesscanada.com\/fr\/resources\/\">Ressources<\/a><\/li>\n<li class=\"menu-item menu-item-type-post_type menu-item-object-page menu-item-838\"><a href=\"https:\/\/arch.madnesscanada.com\/fr\/resources\/scholarship\/\">Publications scientifiques<\/a><\/li>\n<li class=\"menu-item menu-item-type-post_type menu-item-object-page menu-item-841\"><a href=\"https:\/\/arch.madnesscanada.com\/fr\/resources\/archives\/\">Archives<\/a><\/li>\n<li class=\"menu-item menu-item-type-post_type menu-item-object-page menu-item-839\"><a href=\"https:\/\/arch.madnesscanada.com\/fr\/resources\/images\/\">Photographies<\/a><\/li>\n<li class=\"menu-item menu-item-type-post_type menu-item-object-page menu-item-840\"><a href=\"https:\/\/arch.madnesscanada.com\/fr\/resources\/video\/\">Vid\u00e9os<\/a><\/li>\n<li class=\"menu-item menu-item-type-post_type menu-item-object-page menu-item-1595\"><a href=\"https:\/\/arch.madnesscanada.com\/fr\/resources\/voices\/\">T\u00e9moignages<\/a><\/li>\n<li class=\"menu-item menu-item-type-post_type menu-item-object-page menu-item-2339\"><a href=\"https:\/\/arch.madnesscanada.com\/fr\/resources\/about-resources\/\">\u00c0 propos des ressources<\/a><\/li>\n<\/ul><\/div><\/div><!-- \/Widget Shortcode -->\n<!-- Widget Shortcode --><div id=\"search-3\" class=\"widget widget_search widget-shortcode area-arbitrary \"><h2 class=\"widgettitle\">(English) SEARCH<\/h2><form role=\"search\" method=\"get\" class=\"search-form\" action=\"https:\/\/arch.madnesscanada.com\/fr\/\">\n\t\t\t\t<label>\n\t\t\t\t\t<span class=\"screen-reader-text\">Rechercher\u00a0:<\/span>\n\t\t\t\t\t<input type=\"search\" class=\"search-field\" placeholder=\"Rechercher\u2026\" value=\"\" name=\"s\" \/>\n\t\t\t\t<\/label>\n\t\t\t\t<input type=\"submit\" class=\"search-submit\" value=\"Rechercher\" \/>\n\t\t\t<\/form><\/div><!-- \/Widget Shortcode -->\n<div class=\"rightmenu\"><!-- Widget Shortcode --><div id=\"nav_menu-19\" class=\"widget widget_nav_menu widget-shortcode area-arbitrary \"><h2 class=\"widgettitle\">(English) Gender \/ Sexuality<\/h2><div class=\"menu-gender-sexuality-container\"><ul id=\"menu-gender-sexuality-1\" class=\"menu\"><li class=\"menu-item menu-item-type-post_type menu-item-object-page menu-item-1779\"><a href=\"https:\/\/arch.madnesscanada.com\/fr\/resources\/scholarship\/gender-sexuality\/\">Genre \/ sexualit\u00e9<\/a><\/li>\n<li class=\"menu-item menu-item-type-post_type menu-item-object-page menu-item-1777\"><a href=\"https:\/\/arch.madnesscanada.com\/fr\/resources\/scholarship\/gender-sexuality\/theses-unpublished\/\">Textes in\u00e9dits \/ th\u00e8ses<\/a><\/li>\n<li class=\"menu-item menu-item-type-post_type menu-item-object-page menu-item-1776\"><a href=\"https:\/\/arch.madnesscanada.com\/fr\/resources\/scholarship\/gender-sexuality\/articles-chapters\/\">Articles \/ Chapitres<\/a><\/li>\n<li class=\"menu-item menu-item-type-post_type menu-item-object-page menu-item-1775\"><a href=\"https:\/\/arch.madnesscanada.com\/fr\/resources\/scholarship\/gender-sexuality\/books\/\">Livres<\/a><\/li>\n<li class=\"menu-item menu-item-type-post_type menu-item-object-page menu-item-1778\"><a href=\"https:\/\/arch.madnesscanada.com\/fr\/resources\/scholarship\/\">Scholarship<\/a><\/li>\n<\/ul><\/div><\/div><!-- \/Widget Shortcode --><\/div>\n<nav aria-label=\"breadcrumbs\">\n            <div class=\"breadcrumb-container theme1\">\n                <ol>\n                                    <\/ol>\n            <\/div>\n        <\/nav>    <script type=\"application\/ld+json\">\n        {\n            \"@context\": \"http:\/\/schema.org\",\n            \"@type\": \"BreadcrumbList\",\n            \"itemListElement\": [\n                            ]\n        }\n    <\/script>\n   \n    <script>\n            <\/script>\n\n<h1>Articles \/ Chapitres<\/h1>\n<h4 id=\"moduleIntro\" class=\"artefacts\">Genre et sexualit\u00e9\u00a0<\/h4>\n<p>Angus, Margaret Sharp. \u201cDobbs, Harriet (Cartwright).\u201d\u00a0<em>Dictionary of Canadian Biography, Volume 11<\/em>. Toronto: University of Toronto Press, 1982: 265-266.<\/p>\n<p>Arnup, Katherine. \u201cRaising the Dionne Quintuplets: Lessons for Modern Mothers.\u201d\u00a0<em>Journal of Canadian Studies<\/em>\u00a029:4 (Winter 1994\/95): 65-85.\u00a0<\/p>\n<p>Backhouse, Constance. \u2018The White Women\u2019s Labour Laws: Anti-Chinese Racism in Early Twentieth Century Canada\u2019,\u00a0<em>Law and History Review<\/em>\u00a014 (1996): 315-68.\u00a0\u00a0<\/p>\n<p>Baehre, Rainer. \u201cVictorian Psychiatry and Canadian Motherhood.\u201d\u00a0<em>Canadian Women\u2019s Studies<\/em>\u00a02 (1980): 44-46.\u00a0\u00a0<\/p>\n<p>Beaveridge, Janice. \u201cGetting a Job Done and Doing It Well: Dr. Blossom Wigdor, Psychologist and Gerontologist.\u201d In Marianne Gosztonyi Ainley (ed.).<em>\u00a0Despite the Odds: Essays on Canadian Women and Science<\/em>. Montreal: Vehicule Press, 1990: 252-262.\u00a0<\/p>\n<p>Bhimji, Shabir and Rose Sheinin. \u201cDr. Edna May Guest: She Promoted Women\u2019s Issues Before It Was Fashionable.\u201d\u00a0<em>Canadian Medical Association Journal\u00a0<\/em>141:10 (November 15, 1989): 1093-1094.\u00a0\u00a0<\/p>\n<p>Bradbury, Bettina. \u201cElderly Inmates and Caregiving Sisters: Catholic Institutions for the Elderly in Nineteenth Century Montreal.\u201d In Franca Iacovetta and Wendy Mitchinson (eds.).\u00a0<em>On the Case: Explorations in Social History.<\/em> Toronto: University of Toronto Press, 1998: 129-155.\u00a0<\/p>\n<p>Burstow, Bonnie. \u201cA History of Psychiatric Homophobia.\u201d\u00a0<em>Phoenix Rising: The Voice of the Psychiatrized<\/em>\u00a08:3\/4 (July, 1990): S38-S39.\u00a0<\/p>\n<p>Cassel, Jay. \u201cPrivate Acts and Public Actions: The Canadian Response to the Problem of Sexually Transmitted Disease in the Twentieth Century.\u201d\u00a0<em>Transactions of the Royal Society of Canada<\/em>\u00a04 (1989): 305-328.\u00a0\u00a0<\/p>\n<p>Cellard, Andr\u00e9. \u00abFolie, norme et r\u00f4les sexuels au Qu\u00e9bec dans la seconde moiti\u00e9 du XIXe si\u00e8cle\u00bb,\u00a0R<em>evue d\u2019histoire de l\u2019Am\u00e9rique fran\u00e7aise<\/em>\u00a047:2 (1993): 245-255.\u00a0\u00a0<\/p>\n<p>Chenier, Elise. \u201cThe Criminal Sexual Psychopath in Canada: Sex, Psychiatry and the Law at Mid-Century.\u201d <em>Canadian Bulletin of Medical History<\/em> 20 (2003): 1.\u00a0<\/p>\n<p>Chunn, Dorothy E. and Robert Menzies. \u201cOut of Mind, Out of Law: The Regulation of \u2018Criminally Insane\u2019 Women Inside British Columbia\u2019s Public Mental Hospitals, 1888- 1973.\u201d <em>Canadian Journal of Women and the Law<\/em> 10 (2), 1998: 306-337.\u00a0<\/p>\n<p>Davies, Megan J. \u201cThe Women Beyond the Gates: Female Mental Health Patients in British Columbia, 1910-1935.\u201d In <em>Canadian Research Institute for the Advancement of Women: Women and Well-Being.<\/em> Montreal and Kingston: McGill-Queen\u2019s University Press, 1990: 53-64.<\/p>\n<p>Davies, Megan J. \u201cSnapshots: Three Women and Psychiatry, 1920-1935.\u201d <em>Canadian Woman Studies<\/em> 8 (1987): 47-48.\u00a0<\/p>\n<p>de la Cour, Lykke. \u201c\u2018She thinks this is the queen\u2019s castle\u2019: Women Patients\u2019 Perceptions of an Ontario Psychiatric Hospital.\u201d <em>Health and Place<\/em> 3:2 (1997): 131-141.\u00a0<\/p>\n<p>de la Cour, Lykke. \u201cThe \u2018Other\u2019 Side of Psychology: Women Psychologists in Toronto from 1920 to 1945.\u201d <em>Canadian Woman Studies<\/em> 8:4 (Winter, 1987): 44-46.\u00a0\u00a0<\/p>\n<p>de la Cour, Lykke. \u201cWorkers\u2019 Health and Safety Groups, Women\u2019s Health Groups, and the Addiction Research Foundation.\u201d In <em>Enhancing Communication and Community: A Proactive Healthcare Archives Assistance.<\/em> Toronto: Hannah Institute for the History of Medicine, 1994: 11-15.\u00a0<\/p>\n<p>\u00a0\u201cFemale Nurses in Male Wards of Mental Hospitals.\u201d Bulletin of the Ontario Hospitals for the Insane 9:3 (April, 1916): 81-86.\u00a0<\/p>\n<p>Finkler, Lilith. \u201cNotes for Feminist Theorists on the Lives of Psychiatrized Women.\u201d <em>Canadian Woman Studies<\/em> 13:4 (Summer, 1993): 72-74.<\/p>\n<p>Firsten, Temi. \u201cViolence in the Lives of Women on Psych Wards.\u201d <em>Canadian Woman Studies<\/em> 11:4 (Summer, 1991): 45-48.\u00a0<\/p>\n<p>Gleason, Mona. \u201cGrowing Up to be \u2018Normal\u2019: Psychology Constructs Proper Gender Roles in Post-World War II Canada, 1945-1960.\u201d In Lori Chambers and Edgar-Andr\u00e9 Montigny (eds.), <em>Family Matters: Papers in Post-Confederation Canadian Family History<\/em>. Toronto: Canadian Scholars\u2019 Press, 1998.<\/p>\n<p>Gleason, Mona. \u201cPsychology and the construction of the \u2018normal\u2019 family in postwar Canada, 1945-60.\u201d <em>The Canadian Historical Review<\/em> 78:3 (1997): 442-477.\u00a0<\/p>\n<p>Goldberg, Benjamin. \u201cDevelopmental Disabilities.\u201d In Quentin Rae-Grant (ed.). <em>Images in Psychiatry: Canada.<\/em> Washington, D.C.: American Psychiatric Press, 1996: 39-43.\u00a0<\/p>\n<p>Harries, Joan. \u201cBe A Good Girl.\u201d In Bonnie Burstow and Don Weitz (eds.). <em>Shrink Resistant: The Struggle Against Psychiatry in Canada.<\/em> Vancouver: New Star Books, 1988: 39-40.<\/p>\n<p>Iacovetta, Franca. \u201cMaking \u2018New Canadians\u2019: Social Workers, Women and the Reshaping of Immigrant Families.\u201d In <em>Gender Conflicts: New Essays in Women\u2019s History<\/em>. Toronto: University of Toronto Press, 1992.\u00a0<\/p>\n<p>Johnston, Susan J. \u201cTwice Slain: Female Sex-Trade Workers and Suicide in British Columbia, 1870-1920.\u201d Journal of the Canadian Historical Association (1994): 147-166.<\/p>\n<p>Joyce, Barbara. \u201cI\u2019m Not Crazy After All.\u201d In Dorothy E. Smith and Sara J. David (eds.). <em>Women Look at Psychiatry.<\/em> Vancouver: Press, Gang Publishers, 1975: 183-194.\u00a0<\/p>\n<p>Kelm, Mary-Ellen. \u201cA Life Apart: The Experience of Women and the Asylum Practice of Charles Doherty at British Columbia\u2019s Provincial Hospital for the Insane, 1905-1915.\u201d <em>Canadian Bulletin of Medical History<\/em> 11 (1994): 335-355.<\/p>\n<p>Kelm, Mary-Ellen. \u201cWomen, Families, and the Provincial Hospital for the Insane, British Columbia, 1905-1915.\u201d <em>Journal of Family History<\/em> 19:2 (1994): 177-194.\u00a0<\/p>\n<p>Kelm, Mary-Ellen. \u201c\u2018The only place likely to do her any good\u2019: The Admission of Women to British Columbia\u2019s Provincial Hospital for the Insane.\u201d <em>BC Studies<\/em> 96 (1992\/3): 66-89.<\/p>\n<p>Kendall, Kathleen A. \u201cCriminal Lunatic Women in 19th century Canada.\u201d Forum on Corrections Research 11:3 (1999).\u00a0<\/p>\n<p>Kendall, Kathleen A. \u201cBeyond Grace: Criminal Lunatic Women in Victorian Canada.\u201d<em> Canadian Women Studies<\/em> 19 (1999): 110-115.<\/p>\n<p>Kendall, Kathleen A. \u2018Psy-ence fiction: Inventing the Mentally Disordered Female Prisoner.\u201d In Kelly Hannah-Moffat and Margaret Shaw (eds.). <em>An Ideal Prison? Critical Essays on Women\u2019s Imprisonment in Canada.<\/em> Halifax: Fernwood, 2000. \u00a0<\/p>\n<p>Keshen, Jeffrey. \u201cWartime Jitters over Juveniles: Canada\u2019s Delinquency Scare and Its Consequences.\u201d In Jeffrey Keshen (ed.). <em>Age of Contention: Readings in Canadian Social History, 1900-1945.<\/em> Toronto: Harcourt Brace Canada, 1997.\u00a0<\/p>\n<p>Maynard, Stephen. \u201cOn the Case of the Case: The Emergence of the Homosexual as a Case History in Early Twentieth Century Canada.\u201d In Franca Iacovetta and Wendy Mitchinson (eds.). <em>On the Case: Explorations in Social History.<\/em> Toronto: University of Toronto Press, 1998: 65-87.<\/p>\n<p>Maynard, Stephen. \u2018\u2018\u2018Horrible Temptations\u2019: Sex, Men, and Working-Class Male Youth in Urban Ontario, 1890-1935.\u201d <em>Canadian Historical Review<\/em> 78:2 (June, 1997): 191-235.\u00a0<\/p>\n<p>McConnachie, Kathleen J.A. \u201cMethodology in the Study of Women\u2019s History: A Case Study of Helen MacMurchy, M.D.\u201d <em>Ontario History<\/em> 75:1 (March, 1983): 61-70.<\/p>\n<p>McPherson, Cathy. \u201cViolence Against Women with Disabilities.\u201d <em>Canadian Woman Studies<\/em> 11:4 (Summer, 1991): 49-50.\u00a0<\/p>\n<p>Menzies, Robert and Dorothy E. Chunn. \u201cCharlotte\u2019s Web: Historical Regulation of \u2018Insane\u2019 Women Murderers.\u201d In Wendy Chan, Dorothy E. Chunn and Robert Menzies (eds.). <em>Women, Madness and the Law: A Feminist Reader.<\/em> London: Glasshouse Press, 2005.\u00a0<\/p>\n<p>Menzies, Robert and Dorothy E. Chunn. \u201cThe Gender Politics of Criminal Insanity: \u2018Order-in- Council\u2019 Women in British Columbia, 1888-1950.\u201d <em>Histoire Sociale\/Social History<\/em> 31:62 (1999). 241-279.\u00a0<\/p>\n<p>Miedema, Baukje and Janet M. Stoppard. \u201cAsylum, Bedlam or Cure? Explaining Contradictions in Women\u2019s Experiences of Psychiatric Hospitalization.\u201d In Houston Stewart, Beth Percival, and Elizabeth R. Epperly (eds.). <em>The More We Get Together: Women and Disability.<\/em> Charlottetown, P.E.I.: Gynergy Books, 1992: 57-69.\u00a0<\/p>\n<p>Miedema, Baukje and Janet M. Stoppard. \u201cAsylum, Bedlam or Cure? Explaining Contradictions in Women\u2019s Experiences of Psychiatric Hospitalization.\u201d In Houston Stewart, Beth Percival, and Elizabeth R. Epperly (eds.). <em>The More We Get Together: Women and Disability.<\/em> Charlottetown, P.E.I.: Gynergy Books, 1992: 57-69.\u00a0<\/p>\n<p>Mitchinson, Wendy. \u201cGender and Insanity as Characteristics of the Insane: A Nineteenth- Century Case.\u201d <em>Canadian Bulletin of Medical History<\/em> 4 (1987): 99-117.\u00a0<\/p>\n<p>Mitchinson, Wendy. \u201cHysteria and Insanity in Women: A Nineteenth-Century Canadian Perspective.\u201d <em>Journal of Canadian Studies<\/em> 21:3 (1986): 87-105.<\/p>\n<p>Mitchinson, Wendy. \u201cMedical Perceptions of Female Sexuality: A Late Nineteenth Century Case.\u201d <em>Scientia Canadensis<\/em> 9:1 (June, 1985): 67-81.<\/p>\n<p>Mitchinson, Wendy. \u201cA Medical Debate in Nineteenth-Century English Canada: Ovariotomies.\u201d <em>Histoire Sociale\/Social History<\/em> 17 (May, 1984): 133-147.<\/p>\n<p>Mitchinson, Wendy. \u201cGynecological Operations on Insane Women, London Ontario, 1895- 1901.\u201d <em>Journal of Social History<\/em> 15 (1982): 467-484.<\/p>\n<p>Mitchinson, Wendy. \u201cGynecological Operations on the Insane.\u201d <em>Archivaria<\/em> 10 (1982): 125-144.<\/p>\n<p>Musgrove, W.M. \u201cThe Progress of Mental Hygiene in Manitoba.\u201d <em>Canadian Medical Association Journal<\/em> 14 (1924): 377-378. LE<\/p>\n<p>Myers, Tamara. \u201cThe Voluntary Delinquent: Parents, Daughters, and the Montreal Juvenile Delinquents\u2019 Court in 1918.\u201d <em>Canadian Historical Review<\/em> 80:2 (June, 1999): 242-268.<\/p>\n<p>Myers, Tamara. \u201cQui t\u2019a Debauchee? Family Adolescent Sexuality and the Juvenile Delinquent\u2019s Court in Early Twentieth-Century Montreal.\u201d In Lori Chambers and Edgar- Andr\u00e9 Montigny (eds.). <em>Family Matters: Papers in Post-Confederation Canadian Family History<\/em>. Toronto: Canadian Scholars\u2019 Press, 1998: 376-394.\u00a0\u00a0<\/p>\n<p>Parker, Graham. \u201cThe Legal Regulation of Sexual Activity and the Protection of Females.\u201d <em>Osgoode Hall Law Journa<\/em>l 21 (1983): 187-224.<\/p>\n<p>Penfold, Susan P. \u201cWomen in Academic Psychiatry in Canada.\u201d <em>Canadian Journal of Psychiatry<\/em> 32:8 (November, 1987): 660-665.<\/p>\n<p>Sangster, Joan. \u201cIncarcerating \u2018Bad Girls\u2019: The Regulation of Sexuality through the Female Refuges Act in Ontario, 1920-1945.\u201d <em>Journal of the History of Sexuality<\/em> 7:2 (October, 1996): 239-275.<\/p>\n<p>Sangster, Joan. \u201cThe Legal and Medical Regulation of Nineteenth Century Women.\u201d <em>Journal of Canadian Studies<\/em> 28:1 (1993): 199-207.<\/p>\n<p>Sethna, Christabelle. \u201cWait Till Your Father Gets Home: Absent Fathers, Working Mothers and Delinquent Daughters in Ontario During World War II.\u201d In Lori Chambers and Edgar- Andr\u00e9 Montigny (eds.). <em>Family Matters: Papers in Post-Confederation Canadian Family History.<\/em> Toronto: Canadian Scholars\u2019 Press, 1998: 19-37.<\/p>\n<p>Sethna, Christabelle. \u201cMen, Sex, and Education: The Ontario Women\u2019s Temperance Union and Children\u2019s Sex Education, 1900-20.\u201d <em>Ontario History<\/em> 88:3 (September, 1996): 185-206.<\/p>\n<p>Smith, Dorothy E. \u201cWomen and Psychiatry.\u201d In Dorothy E. Smith and Sara J. David (eds.). <em>Women Look at Psychiatry.<\/em> Vancouver: Press Gang Publishers, 1975: 1-19.\u00a0<\/p>\n<p>Smith, Dorothy E. \u201cThe Statistics on Mental Illness: (What They Will Not Tell Us About Women and Why).\u201d In Dorothy E. Smith and Sara J. David (eds.). <em>Women Look at Psychiatry.<\/em> Vancouver: Press Gang Publishers, 1975: 73-119.<\/p>\n<p>Stephen, Jennifer. \u201cThe \u2018Incorrigible,\u2019 the \u2018Bad,\u2019 and the \u2018Immoral\u2019: Toronto\u2019s \u2018Factory Girls\u2019 and the Work of the Toronto Psychiatric Clinic.\u201d In Eds., Louis A. Knafla and Susan W.S. Binnie (eds.). <em>Law, Society and the State: Essays in Modern Legal History<\/em>. Toronto: University of Toronto Press, 1995: 405-439.<\/p>\n<p>Stoppard, Janet M. \u201cA Suitable Case for Treatment? Premenstrual Syndrome and the Medicalization of Women\u2019s Bodies.\u201d In Dawn H. Currie and Valerie Raoul (eds.). <em>The Anatomy of Gender: Women\u2019s Struggle for the Body.<\/em> Ottawa: Carleton University Press, 1992: 119-129.<\/p>\n<p>Warsh, C. Krasnick. \u201c\u2018Oh, Lord, pour a cordial in her wounded heart\u2019: The Drinking Woman in Victorian and Edwardian Canada.\u201d In Cheryl Krasnick Warsh (ed.). <em>Drink in Canada: Historical Essays.<\/em> Montreal and Kingston: McGill-Queen\u2019s University Press, 1993: 70- 91.<\/p>\n<p>Warsh, C. Krasnick. \u201cThe First Mrs. Rochester: Wrongful Confinement, Social Redundancy and Commitment to a Private Asylum, 1880-1910.\u201d <em>Canadian Historical Association Historical Papers<\/em> 23:1 (1988): 145-167.<\/p>\n<p>White-Mair, Kimberley. \u201cExperts and Ordinary Men: Locating R. v. Lavallee, Battered Women Syndrome and the \u2018New\u2019 Psychiatric Expertise on Women within Canadian Legal History.\u201d <em>Canadian Journal of Women and the Law<\/em> 12:2 (2000): 406-438.\u00a0<\/p>\n<p>Wright, Mary J. \u201cWomen Ground-Breakers in Canadian Psychology: World War II and Its Aftermath.\u201d <em>Canadian Psychology<\/em> 33:4 (October, 1992): 675-682.<\/p>\n<p><\/p>","protected":false},"excerpt":{"rendered":"<p>Articles \/ Chapitres Genre et sexualit\u00e9\u00a0 Angus, Margaret Sharp. \u201cDobbs, Harriet (Cartwright).\u201d\u00a0Dictionary of Canadian Biography, Volume 11. Toronto: University of Toronto Press, 1982: 265-266. Arnup, Katherine. \u201cRaising the Dionne Quintuplets: Lessons for Modern Mothers.\u201d\u00a0Journal of Canadian Studies\u00a029:4 (Winter 1994\/95): 65-85.\u00a0 Backhouse, Constance. \u2018The White Women\u2019s Labour Laws: Anti-Chinese Racism in Early Twentieth Century Canada\u2019,\u00a0Law and &hellip; <\/p>\n","protected":false},"author":3,"featured_media":0,"parent":1626,"menu_order":1,"comment_status":"closed","ping_status":"closed","template":"","meta":{"footnotes":""},"class_list":["post-1771","page","type-page","status-publish","hentry","entry"],"aioseo_notices":[],"_links":{"self":[{"href":"https:\/\/arch.madnesscanada.com\/fr\/wp-json\/wp\/v2\/pages\/1771"}],"collection":[{"href":"https:\/\/arch.madnesscanada.com\/fr\/wp-json\/wp\/v2\/pages"}],"about":[{"href":"https:\/\/arch.madnesscanada.com\/fr\/wp-json\/wp\/v2\/types\/page"}],"author":[{"embeddable":true,"href":"https:\/\/arch.madnesscanada.com\/fr\/wp-json\/wp\/v2\/users\/3"}],"replies":[{"embeddable":true,"href":"https:\/\/arch.madnesscanada.com\/fr\/wp-json\/wp\/v2\/comments?post=1771"}],"version-history":[{"count":4,"href":"https:\/\/arch.madnesscanada.com\/fr\/wp-json\/wp\/v2\/pages\/1771\/revisions"}],"predecessor-version":[{"id":2647,"href":"https:\/\/arch.madnesscanada.com\/fr\/wp-json\/wp\/v2\/pages\/1771\/revisions\/2647"}],"up":[{"embeddable":true,"href":"https:\/\/arch.madnesscanada.com\/fr\/wp-json\/wp\/v2\/pages\/1626"}],"wp:attachment":[{"href":"https:\/\/arch.madnesscanada.com\/fr\/wp-json\/wp\/v2\/media?parent=1771"}],"curies":[{"name":"wp","href":"https:\/\/api.w.org\/{rel}","templated":true}]}}