{"id":1793,"date":"2019-08-10T10:52:49","date_gmt":"2019-08-10T14:52:49","guid":{"rendered":"http:\/\/madnesscanada.com\/?page_id=1793"},"modified":"2019-11-10T19:04:40","modified_gmt":"2019-11-11T00:04:40","slug":"articles-chapters","status":"publish","type":"page","link":"https:\/\/arch.madnesscanada.com\/fr\/resources\/scholarship\/law-policy\/articles-chapters\/","title":{"rendered":"Articles \/ Chapitres"},"content":{"rendered":"<p><\/p>\n<!-- Widget Shortcode --><div id=\"nav_menu-3\" class=\"widget widget_nav_menu widget-shortcode area-arbitrary \"><h2 class=\"widgettitle\">(English) Resources<\/h2><div class=\"menu-resources-container\"><ul id=\"menu-resources-1\" class=\"menu\"><li class=\"menu-item menu-item-type-post_type menu-item-object-page menu-item-836\"><a href=\"https:\/\/arch.madnesscanada.com\/fr\/resources\/\">Ressources<\/a><\/li>\n<li class=\"menu-item menu-item-type-post_type menu-item-object-page menu-item-838\"><a href=\"https:\/\/arch.madnesscanada.com\/fr\/resources\/scholarship\/\">Publications scientifiques<\/a><\/li>\n<li class=\"menu-item menu-item-type-post_type menu-item-object-page menu-item-841\"><a href=\"https:\/\/arch.madnesscanada.com\/fr\/resources\/archives\/\">Archives<\/a><\/li>\n<li class=\"menu-item menu-item-type-post_type menu-item-object-page menu-item-839\"><a href=\"https:\/\/arch.madnesscanada.com\/fr\/resources\/images\/\">Photographies<\/a><\/li>\n<li class=\"menu-item menu-item-type-post_type menu-item-object-page menu-item-840\"><a href=\"https:\/\/arch.madnesscanada.com\/fr\/resources\/video\/\">Vid\u00e9os<\/a><\/li>\n<li class=\"menu-item menu-item-type-post_type menu-item-object-page menu-item-1595\"><a href=\"https:\/\/arch.madnesscanada.com\/fr\/resources\/voices\/\">T\u00e9moignages<\/a><\/li>\n<li class=\"menu-item menu-item-type-post_type menu-item-object-page menu-item-2339\"><a href=\"https:\/\/arch.madnesscanada.com\/fr\/resources\/about-resources\/\">\u00c0 propos des ressources<\/a><\/li>\n<\/ul><\/div><\/div><!-- \/Widget Shortcode -->\n<!-- Widget Shortcode --><div id=\"search-3\" class=\"widget widget_search widget-shortcode area-arbitrary \"><h2 class=\"widgettitle\">(English) SEARCH<\/h2><form role=\"search\" method=\"get\" class=\"search-form\" action=\"https:\/\/arch.madnesscanada.com\/fr\/\">\n\t\t\t\t<label>\n\t\t\t\t\t<span class=\"screen-reader-text\">Rechercher\u00a0:<\/span>\n\t\t\t\t\t<input type=\"search\" class=\"search-field\" placeholder=\"Rechercher\u2026\" value=\"\" name=\"s\" \/>\n\t\t\t\t<\/label>\n\t\t\t\t<input type=\"submit\" class=\"search-submit\" value=\"Rechercher\" \/>\n\t\t\t<\/form><\/div><!-- \/Widget Shortcode -->\n<div class=\"rightmenu\"><!-- Widget Shortcode --><div id=\"nav_menu-21\" class=\"widget widget_nav_menu widget-shortcode area-arbitrary \"><h2 class=\"widgettitle\">(English) Law &#8211; Policy<\/h2><div class=\"menu-law-policy-container\"><ul id=\"menu-law-policy-1\" class=\"menu\"><li class=\"menu-item menu-item-type-post_type menu-item-object-page menu-item-1800\"><a href=\"https:\/\/arch.madnesscanada.com\/fr\/resources\/scholarship\/law-policy\/\">Lois \/ politiques<\/a><\/li>\n<li class=\"menu-item menu-item-type-post_type menu-item-object-page menu-item-1799\"><a href=\"https:\/\/arch.madnesscanada.com\/fr\/resources\/scholarship\/law-policy\/theses-unpublished\/\">Textes in\u00e9dits \/ th\u00e8ses<\/a><\/li>\n<li class=\"menu-item menu-item-type-post_type menu-item-object-page menu-item-1798\"><a href=\"https:\/\/arch.madnesscanada.com\/fr\/resources\/scholarship\/law-policy\/articles-chapters\/\">Articles \/ Chapitres<\/a><\/li>\n<li class=\"menu-item menu-item-type-post_type menu-item-object-page menu-item-1797\"><a href=\"https:\/\/arch.madnesscanada.com\/fr\/resources\/scholarship\/law-policy\/books\/\">Livres<\/a><\/li>\n<li class=\"menu-item menu-item-type-post_type menu-item-object-page menu-item-1801\"><a href=\"https:\/\/arch.madnesscanada.com\/fr\/resources\/scholarship\/\">Scholarship<\/a><\/li>\n<\/ul><\/div><\/div><!-- \/Widget Shortcode --><\/div>\n<nav aria-label=\"breadcrumbs\">\n            <div class=\"breadcrumb-container theme1\">\n                <ol>\n                                    <\/ol>\n            <\/div>\n        <\/nav>    <script type=\"application\/ld+json\">\n        {\n            \"@context\": \"http:\/\/schema.org\",\n            \"@type\": \"BreadcrumbList\",\n            \"itemListElement\": [\n                            ]\n        }\n    <\/script>\n   \n    <script>\n            <\/script>\n\n<h1>Articles \/ Chapitres<\/h1>\n<h4 id=\"moduleIntro\" class=\"artefacts\">Lois et politiques\u00a0<\/h4>\n<p>Adams, Mary Louise. \u201cIn Sickness and in Health: State Formation, Moral Regulation, and Early VD Initiatives in Ontario.\u201d\u00a0<em>Journal of Canadian Studies<\/em>\u00a028:4 (Winter, 1993\/94): 117- 131.<\/p>\n<p>Adams, Mary Louise. \u201cYouth, Corruptibility, and English-Canadian Postwar Campaigns Against Indecency, 1948-1955.\u201d\u00a0<em>Journal of the History of Sexuality<\/em>\u00a06:1 (July, 1995): 89-117.<\/p>\n<p>Advocacy Resource Centre for the Handicapped. \u201cWill the Charter Change Sheltered Workshops?\u201d\u00a0<em>Phoenix Rising: The Voice of the Psychiatrized<\/em>\u00a05:2&amp;3 (August, 1985): 31A-32A.<\/p>\n<p>Atchison, Chris. \u201cEmerging Styles of Social Control on the Internet: Justice Denied.\u201d\u00a0<em>Critical Criminology: An International Journal<\/em>, 9:1\/2 (September, 2000): 85-100.<\/p>\n<p>Backhouse, Constance. \u2018The White Women\u2019s Labour Laws: Anti-Chinese Racism in Early Twentieth Century Canada\u2019,\u00a0<em>Law and History Review<\/em>\u00a014 (1996): 315-68.\u00a0<\/p>\n<p>Baehre, Rainer. \u201cImperial Authority and Colonial Officialdom of Upper Canada in the 1830s: The State, Crime, Lunacy and Everyday Social Order.\u201d In Louis A. Knafla and Susan W.S. Binnie (eds.).<em>\u00a0Law, Society and the State: Essays in Modern Legal History<\/em>. Toronto: University of Toronto Press, 1995.<\/p>\n<p>Baker, Melvin. \u201cInsanity and Politics: The Establishment of a Lunatic Asylum in St. John\u2019s Newfoundland, 1836-1855.\u201d\u00a0<em>The Newfoundland Quarterly\u00a0<\/em>77:2\/3 (1981): 27-31. \u00a0<\/p>\n<p>Brinded, P.M.J., J.E. Smith and F.E. Grant. \u201cThe Spectre of Criminalization: Remand Admissions to the Forensic Psychiatric Institute, British Columbia, 1975-1990.\u201d\u00a0<em>Medicine, Science, and the Law<\/em>\u00a036:1 (January, 1996): 59-64.\u00a0<\/p>\n<p>Buckley, Suzann and Dickin McGinnis, Janice. \u201cVenereal Disease and Public Health Reform in Canada.\u201d\u00a0<em>Canadian Historical Review<\/em>\u00a063:3 (September, 1982): 337-354.\u00a0<\/p>\n<p>Cairney, Richard. \u2018\u2018\u2018Democracy Was Never Intended for Degenerates\u2019: Alberta\u2019s Flirtation with Eugenics Comes Back to Haunt It.\u201d\u00a0<em>Canadian Medical Association Journal<\/em>155: 6 (September 15, 1996): 789-792.\u00a0<\/p>\n<p>Cassel, Jay. \u201cPrivate Acts and Public Actions: The Canadian Response to the Problem of Sexually Transmitted Disease in the Twentieth Century.\u201d<em>\u00a0Transactions of the Royal Society of Canada<\/em>\u00a04 (1989): 305-328.\u00a0\u00a0<\/p>\n<p>Chalke, F.C.R, C.A. Roberts and R.E. Turner. \u201cForensic Psychiatry in Canada, 1945 to 1980.\u201d <em>Canadian Journal of Psychiatry<\/em> 40:3 (April, 1995): 120-124.\u00a0 \u00a0\u00a0<\/p>\n<p>Chapman, Terry L. \u201cEarly Eugenics Movement in Western Canada.\u201d <em>Alberta History<\/em> 25:4 (Autumn, 1977): 9-17.\u00a0<\/p>\n<p>Chenier, Elise. \u201cThe Criminal Sexual Psychopath in Canada: Sex, Psychiatry and the Law at Mid-Century.\u201d <em>Canadian Bulletin of Medical History<\/em> 20 (2003): 1.\u00a0<\/p>\n<p>Chunn, Dorothy E. and Robert Menzies. \u201cOut of Mind, Out of Law: The Regulation of \u2018Criminally Insane\u2019 Women Inside British Columbia\u2019s Public Mental Hospitals, 1888- 1973.\u201d <em>Canadian Journal of Women and the Law<\/em> 10 (2), 1998: 306-337.\u00a0<\/p>\n<p>Clarke, C.K. \u201cA Critical Study of the Case of Louis Riel.\u201d <em>Queen\u2019s Quarterly<\/em> 12 (1904-1905): 379-388; 13 (1905-1906): 14-26.\u00a0<\/p>\n<p>Da Sylva, Normand. \u201cThe CMA\u2019s Stand on the Medical Use of Heroin: Setting the Record Straight.\u201d <em>Canadian Medical Association Journal<\/em> 130:12 (June 15, 1984): 1515.\u00a0<\/p>\n<p>Dodd, Dianne. \u201cAdvice to Parents: The Blue Books, Helen MacMurchy, MD, and the Federal Department of Health, 1920-34.\u201d <em>Canadian Bulletin of Medical History<\/em> 8:2 (1991): 203- 230.\u00a0<\/p>\n<p>Dowbiggin, Ian. \u201cKeeping this young country sane: C.K. Clarke, Immigration Restriction, and Canadian Psychiatry, 1890-1925.\u201d <em>Canadian Historical Review<\/em> 76:4 (1995): 598-627.<\/p>\n<p>(Editorial) \u201cNotification of Insanity, and Voluntary Patients in Hospitals for the Insane.\u201d <em>Canadian Journal of Medicine and Surgery<\/em> 26:3 (September, 1909): 197-199.<\/p>\n<p>Ferguson, Gerry. \u201cControl of the Insane in British Columbia, 1849-78: Care, Cure, or Confinement?\u201d In John McLaren, Robert Menzies and Dorothy E. Chunn (eds.). <em>Regulating Lives: Historical Essays on the State, Society, the Individual and the Law.<\/em> Vancouver, BC: University of British Columbia Press, 2002.\u00a0<\/p>\n<p>Foulkes, Richard. \u201cBritish Columbia Mental Health Services: Historical Perspectives to 1961.\u201d <em>Canadian Medical Association Journa<\/em>l 85 (1961): 649-655.\u00a0<\/p>\n<p>Frankenburg, Frances R. \u201cThe 1978 Ontario Mental Health Act in Historical Context.\u201d <em>HSTC Bulletin<\/em> 6 (1982): 172-177.<\/p>\n<p>Friedland, M.L. \u201cThe Case of Valentine Shortis \u2013 Yesterday and Today.\u201d <em>Canadian Journal of Psychiatry<\/em> 36:3 (April, 1991): 159-166. Followed by \u201cComments of Honourable G. Arthur Martin\u201d: 166-168.<\/p>\n<p>Greenland, Cyril. \u201cServices for the Mentally Retarded in Ontario, 1870-1930.\u201d <em>Ontario History<\/em> 54:4 (December, 1962): 267-274.\u00a0<\/p>\n<p>Greenland, Cyril. \u201cL\u2019Affaire Shortis and the Valleyfield Murders.\u201d <em>Canadian Psychiatric Association Journal<\/em> 7 (1962): 261-271.<\/p>\n<p>Greenland, Cyril and Jack D. Griffin. \u201cWilliam Henry Jackson (1861-1952): Riel\u2019s Secretary (Another Case of Involuntary Commitment).\u201d <em>Canadian Psychiatric Association Journal<\/em> 23 (1978): 469-477.<\/p>\n<p>Griffin, J.D. \u201cPlanning Psychiatric Services: Historical Perspective.\u201d <em>Medical Services Journal of Canada<\/em>, 23:10 (November, 1967): 1245-1260.<\/p>\n<p>Hardy, Eldon. \u201cNo Acquittal.\u201d In Bonnie Burstow and Don Weitz (eds.). <em>Shrink Resistant: The Struggle Against Psychiatry in Canada.<\/em> Vancouver: New Star Books, 1988: 139-148. \u00a0<\/p>\n<p>Kendall, Kathleen A. \u201cCriminal Lunatic Women in 19th century Canada.\u201d <em>Forum on Corrections Research<\/em> 11:3 (1999).\u00a0<\/p>\n<p>Lecompte, Yves. \u00ab\u00a0De la dynamique des politiques de d\u00e9sinstitutionnalisation au Qu\u00e9bec\u00a0\u00bb, <em>Sant\u00e9 mentale au Qu\u00e9bec<\/em> 22:2 (automne, 1997): 7-24.<\/p>\n<p>Liptzin, Benjamin. \u201cThe Effects of National Health Insurance on Canadian Psychiatry: The Ontario Experience.\u201d <em>American Journal of Psychiatry<\/em> 134 (1977): 248-252.<\/p>\n<p>MacLennan, David. \u201cBeyond the Asylum: Professionalization and the Mental Hygiene Movement in Canada, 1914-28.\u201d <em>Canadian Bulletin of Medical History<\/em> 4:1 (1987): 7-24.<\/p>\n<p>Martin, B.A. and K.D. Cheung. \u201cCivil Commitment Trends in Ontario: The Effect of Legislation on Clinical Practice.\u201d <em>Canadian Journal of Psychiatry<\/em> 30:4 (June, 1985): 259-264.<\/p>\n<p>Martin, D.F. \u201cThe Mental Hygiene Movement in Canada.\u201d <em>The Canadian Journal of Medicine and Surgery<\/em> 63 (1928): 167-173.<\/p>\n<p>McLaren, Angus. \u201cThe Creation of a Haven for \u2018Human Thoroughbreds\u2019: The Sterilization of the Feeble-Minded and the Mentally III in British Columbia.\u201d <em>Canadian Historical Review<\/em> 67:2 (June, 1986): 127-150.\u00a0<\/p>\n<p>McLennan, David. \u201cBeyond the Asylum: Professionalization and the Mental Hygiene Movement in Canada 1914-1928.\u201d <em>Canadian Bulletin of Medical History<\/em> 4 (1987): 7-23.\u00a0<\/p>\n<p>Menzies, Robert. \u201cHistorical Profiles of Criminal Insanity.\u201d <em>International Journal of Law and Psychiatry<\/em> 25 (2002): 379-404. \u00a0<\/p>\n<p>Menzies, Robert. \u201cContesting Criminal Lunacy: Narratives of Law and Madness in West Coast Canada, 1874-1950.\u201d <em>History of Psychiatry<\/em> 7 (2001): 123-156.\u00a0<\/p>\n<p>Menzies, Robert. \u201c\u2018I do not care for a lunatic\u2019s role\u2019: Modes of Regulation and Resistance Inside the Colquitz Mental Home for the \u2018Criminally Insane,\u2019 1919-1933.\u201d <em>Canadian Bulletin of Medical History<\/em> 16:2 (1999): 181-213.\u00a0<\/p>\n<p>Menzies, Robert. \u201c\u2018Unfit\u2019 Citizens and the B.C. Royal Commission on Mental Hygiene, 1925- 28.\u201d In Robert Adamoski, Dorothy E. Chunn and Robert Menzies (eds.). <em>Contesting Canadian Citizenship: Historical Readings.<\/em> Peterborough ON: Broadview Press, 2002.<\/p>\n<p>Menzies, Robert. \u201cRace, Reason and Regulation: British Columbia\u2019s Mass Exile of Chinese \u2018Lunatics\u2019 Aboard the Empress of Russia, 9 February 1935.\u201d In John McLaren, Robert Menzies and Dorothy E. Chunn (eds.). <em>Regulating Lives: Historical Essays on the State, Society, the Individual and the Law.<\/em> Vancouver, BC: University of British Columbia Press, 2002.\u00a0<\/p>\n<p>Menzies, Robert. \u201cThe making of Criminal Insanity in British Columbia: Granby Farrant and the Provincial Mental Home, Colquitz, 1919-1933.\u201d In John McLaren and Hamar Foster (eds.). <em>Essays on the History of Canadian Law: Volume VI.<\/em> British Columbia and the Yukon. Toronto: Osgoode Society and the University of Toronto Press, 1995.\u00a0<\/p>\n<p>Menzies, Robert and Dorothy E. Chunn. \u201cCharlotte\u2019s Web: Historical Regulation of \u2018Insane\u2019 Women Murderers.\u201d In Wendy Chan, Dorothy E. Chunn and Robert Menzies (eds.). <em>Women, Madness and the Law: A Feminist Reader<\/em>. London: Glasshouse Press, 2005.\u00a0<\/p>\n<p>Menzies, Robert and Dorothy E. Chunn. \u201cThe Gender Politics of Criminal Insanity: \u2018Order-in- Council\u2019 Women in British Columbia, 1888-1950.\u201d <em>Histoire Sociale\/Social History<\/em> 31:62 (1999). 241-279.\u00a0<\/p>\n<p>Mitham, Peter J. \u201c\u2018Very Truly and Undisturbedly Yours\u2019: Joseph Workman and a Verdict of Malpractice against John Galbraith Hyde.\u201d <em>Canadian Bulletin of Medical History<\/em> 13:1 (1996): 139-149.<\/p>\n<p>Moran, James E. \u201cThe Ethics of Farming-Out: Ideology, the State and the Asylum in Nineteenth- Century Quebec.\u201d C<em>anadian Bulletin of Medical History<\/em> 15 (1998): 297-316.<\/p>\n<p>Myers, Tamara. \u201cThe Voluntary Delinquent: Parents, Daughters, and the Montreal Juvenile Delinquents\u2019 Court in 1918.\u201d <em>Canadian Historical Review<\/em> 80:2 (June, 1999): 242-268.<\/p>\n<p>Myers, Tamara. \u201cQui t\u2019a Debauchee? Family Adolescent Sexuality and the Juvenile Delinquent\u2019s Court in Early Twentieth-Century Montreal.\u201d In Lori Chambers and Edgar- Andr\u00e9 Montigny (eds.). F<em>amily Matters: Papers in Post-Confederation Canadian Family History.<\/em> Toronto: Canadian Scholars\u2019 Press, 1998: 376-394.\u00a0\u00a0<\/p>\n<p>P\u00e2quet, Martin. \u201c\u2018Diminuer le danger par de bons r\u00e8glemens int\u00e9rieurs\u2019: \u00c9tat colonial et contr\u00f4le m\u00e9dical des migrations au Bas-Canada et au Canada-Uni, 1795-1854.\u201d Canadian Bulletin of Medical History\/Bulletin canadien d\u2019histoire de la m\u00e9decine 16:2 (1999): 271-291.<\/p>\n<p>Parker, Graham. \u201cThe Legal Regulation of Sexual Activity and the Protection of Females.\u201d <em>Osgoode Hall Law Journal<\/em> 21 (1983): 187-224.<\/p>\n<p>Paradis, Andr\u00e9. \u00ab\u00a0Le sous-financement gouvernemental et son impact sur le d\u00e9veloppement des asiles francophones au Qu\u00e9bec, 1845-1918\u00a0\u00bb, <em>Revue d\u2019histoire de l\u2019Am\u00e9rique fran\u00e7aise<\/em> 50:4 (printemps, 1997): 571-598.<\/p>\n<p>Perr, Irwin N. \u201cReligion, Political Leadership, Charisma and Mental Illness: The Strange Story of Louis Riel.\u201d <em>Journal of Forensic Sciences 37:2 (March, 1992): 574-584.<\/em><\/p>\n<p>Reaume, Geoffrey. \u201cConsumer\/Survivor Movement in Promoting Patients\u2019 Rights in Ontario, 1977 to Present.\u201d In <em>Mental Health and Patients\u2019 Rights in Ontario: Yesterday, Today and Tomorrow \u2013 20th Anniversary Special Report.<\/em> Psychiatric Patient Advocate Office. Toronto: Queen\u2019s Printer, 2003.<\/p>\n<p>Riddell, William Renwick. \u201cInsanity in its Legal Aspects.\u201d <em>Canadian Journal of Medicine and Surgery<\/em> 33:5 (May, 1913): 355-360.<\/p>\n<p>Roberts, Charles A. \u201cViewpoint: Development of Mental Health Services and Psychiatry in Canada: Lessons from the Past, Problems of the Present, and the Future.\u201d <em>Canadian Journal of Psychiatry<\/em> 34:4 (May, 1989): 291-298.<\/p>\n<p>Sangster, Joan. \u201cIncarcerating \u2018Bad Girls\u2019: The Regulation of Sexuality through the Female Refuges Act in Ontario, 1920-1945.\u201d <em>Journal of the History of Sexuality<\/em> 7:2 (October, 1996): 239-275.<\/p>\n<p>Sangster, Joan. \u201cThe Legal and Medical Regulation of Nineteenth Century Women.\u201d <em>Journal of Canadian Studies<\/em> 28:1 (1993): 199-207.<\/p>\n<p>Simmons, Harvey G. \u201cPsychosurgery and the Abuse of Psychiatric Authority in Ontario.\u201d<em> Journal of Health Politics, Policy and Law<\/em> 12:3 (Fall, 1987): 537-50.<\/p>\n<p>Smandych, Russell C. and Simon N. Verdun-Jones. \u201cCatch-22 in the Nineteenth Century: The Evolution of Therapeutic Confinement for the Criminally Insane in Canada, 1840-1900.\u201d <em>Criminal Justice History: An International Annual<\/em> 2 (1981): 85-108.<\/p>\n<p>Sobsey, Dick. \u201cThe Media and Robert Latimer.\u201d <em>Arch Type<\/em> 13:3 (August, 1995): 8-22 [Newsletter of the Advocacy Resource Centre for the Handicapped, Toronto].\u00a0<\/p>\n<p>Stafford, Ezra H. \u201cThe Correlation of Insanity and Crime.\u201d <em>Canadian Journal of Medicine and Surgery<\/em> 5:5 (May, 1899): 311-318.<\/p>\n<p>Stephen, Jennifer. \u201cThe \u2018Incorrigible,\u2019 the \u2018Bad,\u2019 and the \u2018Immoral\u2019: Toronto\u2019s \u2018Factory Girls\u2019 and the Work of the Toronto Psychiatric Clinic.\u201d In Eds., Louis A. Knafla and Susan W.S. Binnie (eds.). <em>Law, Society and the State: Essays in Modern Legal History<\/em>. Toronto: University of Toronto Press, 1995: 405-439.<\/p>\n<p>Strange, Carolyn. \u201cPatriarchy Modified: The Criminal Prosecution of Rape in York County, 1880-1930.\u201d In Jim Phillips, Tina Loo and Susan Lewthwaite (eds.). <em>Essays in the History of the Criminal Law,<\/em> Volume 5. Toronto: University of Toronto Press, 1993.<\/p>\n<p>Struthers, James. \u201cReluctant Partners: State Regulation of Private Nursing Homes In Ontario, 1941-72.\u201d In Raymond B. Blake, Penny E. Bryden and J. Frank Strain (eds.). <em>The Welfare State in Canada: Past, Present, and Future.<\/em> Toronto: Irwin Publishing, 1996: 171-192.<\/p>\n<p>Stuart, Meryn E. \u201cIdeology and Experience: Public Health Nursing and the Ontario Rural Child Welfare Project, 1920-25.\u201d <em>Canadian Bulletin of Medical History<\/em> 6:2 (1989): 111-131.\u00a0<\/p>\n<p>Sussman, Sam. \u201cThe First Asylums in Canada: A Response to Neglectful Community Care and Current Trends.\u201d <em>Canadian Journal of Psychiatry<\/em> 43:3(1998): 260-264.\u00a0<\/p>\n<p>Sutherland, Neil. \u201c\u2018To Create a Strong and Healthy Race: School Children in the Public Health Movement, 1880-1914.\u201d In S.E.D. Shortt (ed.). <em>Medicine in Canadian Society: Historical Perspectives<\/em>. Montreal: McGill-Queen\u2019s University Press, 1981: 361-393.<\/p>\n<p>Tremblay, Mary. \u201cThe right to the best medical care: Dr. W.P. Warner and the Canadian Department of Veterans Affairs, 1945-1955.\u201d <em>Canadian Bulletin of Medical History<\/em> 15 (1998): 3-25.<\/p>\n<p>Turner, R.E. \u201cWarrants of the Lieutenant Governor.\u201d <em>Canadian Journal of Psychiatry<\/em> 32, 5 (June, 1987) 337-342.<\/p>\n<p>Turner, R.E. and Erika Steffer. \u201cThe Forensic Clinic.\u201d In Edward Shorter (ed.). <em>TPH: History and Memories of the Toronto Psychiatric Hospital, 1925-1966<\/em>. Toronto: Wall and Emerson, 1996: 304-315.<\/p>\n<p>Verdun-Jones, S.N. \u201c\u2018Not Guilty by Reason of Insanity\u2019: The Historical Roots of the Canadian Insanity Defence, 1843-1920.\u201d In Louis A. Knafla (ed.). <em>Crime and Criminal Justice in Europe and Canada<\/em>. Waterloo: Wilfrid Laurier University Press, 1981.<\/p>\n<p>Verdun-Jones, S.N. \u201cThe Evolution of the Defenses of Insanity and Automatism in Canada from 1843 to 1979: A Saga of Judicial Reluctance to Sever the Umbilical Cord to the Mother Country?\u201d<em> University of British Columbia Law Review<\/em> 14 (1979): 1-73.<\/p>\n<p>Verdun-Jones, Simon N. and Russell Smandych. \u2018Catch-22 in the Nineteenth Century: The Evolution of Therapeutic Confinement for the Criminally Insane in Canada, 1840-1900.\u2019 <em>Criminal Justice History<\/em> 2 (1981): 85-108.<\/p>\n<p>Warsh, C. Krasnick. \u201cThe First Mrs. Rochester: Wrongful Confinement, Social Redundancy and Commitment to a Private Asylum, 1880-1910.\u201d C<em>anadian Historical Association Historical Papers<\/em> 23:1 (1988): 145-167.<\/p>\n<p>Weisman, Richard. \u2018Reflections on the Oak Ridge experiment with Mentally Disordered Offenders, 1965-1968.\u201d <em>International Journal of Law and Psychiatry<\/em> 18:3 (1995): 265- 290.<\/p>\n<p>White-Mair, Kimberley. \u201cExperts and Ordinary Men: Locating R. v. Lavallee, Battered Women Syndrome and the \u2018New\u2019 Psychiatric Expertise on Women within Canadian Legal History.\u201d <em>Canadian Journal of Women and the Law<\/em> 12:2 (2000): 406-438.\u00a0<\/p>\n<p>\u00a0\u201cWill the Charter Change Sheltered Workshops?\u201d <em>Phoenix Rising: The Voice of the Psychiatrized<\/em> 5:2-3 (August, 1985): 31A-32A.<\/p>\n<p><\/p>","protected":false},"excerpt":{"rendered":"<p>Articles \/ Chapitres Lois et politiques\u00a0 Adams, Mary Louise. \u201cIn Sickness and in Health: State Formation, Moral Regulation, and Early VD Initiatives in Ontario.\u201d\u00a0Journal of Canadian Studies\u00a028:4 (Winter, 1993\/94): 117- 131. Adams, Mary Louise. \u201cYouth, Corruptibility, and English-Canadian Postwar Campaigns Against Indecency, 1948-1955.\u201d\u00a0Journal of the History of Sexuality\u00a06:1 (July, 1995): 89-117. Advocacy Resource Centre for &hellip; <\/p>\n","protected":false},"author":3,"featured_media":0,"parent":1631,"menu_order":1,"comment_status":"closed","ping_status":"closed","template":"","meta":{"footnotes":""},"class_list":["post-1793","page","type-page","status-publish","hentry","entry"],"aioseo_notices":[],"_links":{"self":[{"href":"https:\/\/arch.madnesscanada.com\/fr\/wp-json\/wp\/v2\/pages\/1793"}],"collection":[{"href":"https:\/\/arch.madnesscanada.com\/fr\/wp-json\/wp\/v2\/pages"}],"about":[{"href":"https:\/\/arch.madnesscanada.com\/fr\/wp-json\/wp\/v2\/types\/page"}],"author":[{"embeddable":true,"href":"https:\/\/arch.madnesscanada.com\/fr\/wp-json\/wp\/v2\/users\/3"}],"replies":[{"embeddable":true,"href":"https:\/\/arch.madnesscanada.com\/fr\/wp-json\/wp\/v2\/comments?post=1793"}],"version-history":[{"count":3,"href":"https:\/\/arch.madnesscanada.com\/fr\/wp-json\/wp\/v2\/pages\/1793\/revisions"}],"predecessor-version":[{"id":2587,"href":"https:\/\/arch.madnesscanada.com\/fr\/wp-json\/wp\/v2\/pages\/1793\/revisions\/2587"}],"up":[{"embeddable":true,"href":"https:\/\/arch.madnesscanada.com\/fr\/wp-json\/wp\/v2\/pages\/1631"}],"wp:attachment":[{"href":"https:\/\/arch.madnesscanada.com\/fr\/wp-json\/wp\/v2\/media?parent=1793"}],"curies":[{"name":"wp","href":"https:\/\/api.w.org\/{rel}","templated":true}]}}