{"id":6,"date":"2018-12-13T16:03:02","date_gmt":"2018-12-13T21:03:02","guid":{"rendered":"http:\/\/madnesscanada.com\/?page_id=6"},"modified":"2024-10-05T19:24:18","modified_gmt":"2024-10-05T23:24:18","slug":"home","status":"publish","type":"page","link":"https:\/\/arch.madnesscanada.com\/fr\/","title":{"rendered":"Home"},"content":{"rendered":"<h1><span style=\"padding-right: 20px; padding-left: 20px;\">an exhibit showcase<\/span> <span style=\"padding-right: 20px; padding-left: 20px;\">a research space<\/span> <span style=\"padding-right: 20px; padding-left: 20px;\">an education hub<br \/><\/span><\/h1>\r\n<div id=\"metaslider-id-9037\" style=\"max-width: 680px; margin: 0 auto;\" class=\"ml-slider-3-91-0 metaslider metaslider-flex metaslider-9037 ml-slider metaspacing ms-theme-default\" role=\"region\" aria-roledescription=\"Slideshow\" aria-label=\"New Slideshow\">\n    <div id=\"metaslider_container_9037\">\n        <div id=\"metaslider_9037\">\n            <ul class='slides'>\n                <li style=\"display: block; width: 100%;\" class=\"slide-9060 ms-image \" aria-roledescription=\"slide\" aria-label=\"slide-9060\"><a href=\"https:\/\/arch.madnesscanada.com\/fr\/mad-cities\/museum-of-the-mind\/\" target=\"_self\" class=\"metaslider_image_link\"><img loading=\"lazy\" decoding=\"async\" src=\"https:\/\/arch.madnesscanada.com\/wp-content\/uploads\/MOTM-banner.png\" height=\"72\" width=\"680\" alt=\"\" class=\"slider-9037 slide-9060\" title=\"MOTM-banner\" \/><\/a><\/li>\n                <li style=\"display: none; width: 100%;\" class=\"slide-9061 ms-image \" aria-roledescription=\"slide\" aria-label=\"slide-9061\"><a href=\"https:\/\/arch.madnesscanada.com\/fr\/contributor-exhibits\/the-asylum-project\/\" target=\"_self\" class=\"metaslider_image_link\"><img loading=\"lazy\" decoding=\"async\" src=\"https:\/\/arch.madnesscanada.com\/wp-content\/uploads\/AP-banner.png\" height=\"72\" width=\"680\" alt=\"\" class=\"slider-9037 slide-9061\" title=\"AP-banner\" \/><\/a><\/li>\n                <li style=\"display: none; width: 100%;\" class=\"slide-9063 ms-image \" aria-roledescription=\"slide\" aria-label=\"slide-9063\"><a href=\"https:\/\/arch.madnesscanada.com\/fr\/resources\/archives\/movie-monday\/\" target=\"_self\" class=\"metaslider_image_link\"><img loading=\"lazy\" decoding=\"async\" src=\"https:\/\/arch.madnesscanada.com\/wp-content\/uploads\/MM-banner-1.png\" height=\"72\" width=\"680\" alt=\"\" class=\"slider-9037 slide-9063\" title=\"MM-banner\" \/><\/a><\/li>\n            <\/ul>\n        <\/div>\n        \n    <\/div>\n<\/div>\r\n<p>This is an activist site that supports academic-community collaborations. Madness Canada is your passport to diverse inquiries into the past, present, and future of mental health.<\/p>\r\n<!-- Widget Shortcode --><div id=\"search-3\" class=\"widget widget_search widget-shortcode area-arbitrary \"><h2 class=\"widgettitle\">(English) SEARCH<\/h2><form role=\"search\" method=\"get\" class=\"search-form\" action=\"https:\/\/arch.madnesscanada.com\/fr\/\">\n\t\t\t\t<label>\n\t\t\t\t\t<span class=\"screen-reader-text\">Rechercher\u00a0:<\/span>\n\t\t\t\t\t<input type=\"search\" class=\"search-field\" placeholder=\"Rechercher\u2026\" value=\"\" name=\"s\" \/>\n\t\t\t\t<\/label>\n\t\t\t\t<input type=\"submit\" class=\"search-submit\" value=\"Rechercher\" \/>\n\t\t\t<\/form><\/div><!-- \/Widget Shortcode -->\r\n<div class=\"gridcontainer\" style=\"margin: 50px auto 0;\">\r\n<div id=\"one\" class=\"single one\">\r\n<div id=\"second-body1\">\r\n<div class=\"container\">\r\n<p id=\"test_text1\" class=\"text-title\">After the Asylum<\/p>\r\n<br \/><img loading=\"lazy\" decoding=\"async\" id=\"test_image_1\" class=\"image alignnone\" src=\"https:\/\/arch.madnesscanada.com\/wp-content\/uploads\/2019\/01\/stroke-purple.png\" alt=\"After the Asylum purple stoke decor\" width=\"470\" height=\"100\" \/>\r\n<div id=\"inside_the_text1\" class=\"overlay\">\r\n<p class=\"second-title\">After the Asylum<\/p>\r\n<div id=\"test_info1\" class=\"text\">Learn about de-institutionalization, the paradigm shift in mental health. <br \/><a id=\"test_link1\" class=\"lonk\" href=\"https:\/\/arch.madnesscanada.com\/after-the-asylum\/\" rel=\"noopener noreferrer\">Visit After the Asylum site<\/a><\/div>\r\n<\/div>\r\n<\/div>\r\n<\/div>\r\n<\/div>\r\n<div id=\"two\" class=\"single two\">\r\n<div id=\"second-body2\">\r\n<div class=\"container\">\r\n<p id=\"test_text2\" class=\"text-title\">Mad School<\/p>\r\n<br \/><img loading=\"lazy\" decoding=\"async\" id=\"test_image_2\" class=\"image alignnone\" src=\"https:\/\/arch.madnesscanada.com\/wp-content\/uploads\/2019\/01\/stroke-red.png\" alt=\"Mad School red stoke decor\" width=\"470\" height=\"103\" \/>\r\n<div id=\"inside_the_text2\" class=\"overlay\">\r\n<p class=\"second-title\">Mad School<\/p>\r\n<div id=\"test_info2\" class=\"text\">Find educational tools with the power to change minds.<br \/><a id=\"test_link2\" class=\"lonk\" href=\"https:\/\/madschool.ca\" rel=\"noopener noreferrer\">Visit Mad School site<\/a><\/div>\r\n<\/div>\r\n<\/div>\r\n<\/div>\r\n<\/div>\r\n<div id=\"three\" class=\"single three\">\r\n<div id=\"second-body3\">\r\n<div class=\"container\">\r\n<p id=\"test_text3\" class=\"text-title\">MOMH Alliance<\/p>\r\n<br \/><img loading=\"lazy\" decoding=\"async\" id=\"test_image_3\" class=\"image alignnone\" src=\"https:\/\/arch.madnesscanada.com\/wp-content\/uploads\/2019\/01\/stroke-green.png\" alt=\"green stroke decor\" width=\"476\" height=\"107\" \/>\r\n<div id=\"inside_the_text3\" class=\"overlay\">\r\n<p class=\"second-title\">MOMH Alliance<\/p>\r\n<div id=\"test_info3\" class=\"text\">Supporting preservation, education and research.<br \/><a id=\"test_link3\" class=\"lonk\" href=\"https:\/\/museumofmentalhealth.ca\/\" target=\"_blank\" rel=\"noopener noreferrer\">Visit Museum of Mental Health site<\/a><\/div>\r\n<\/div>\r\n<\/div>\r\n<\/div>\r\n<\/div>\r\n<div id=\"four\" class=\"single one middle\">\r\n<div id=\"second-body4\">\r\n<div class=\"container\">\r\n<p id=\"test_text4\" class=\"text-title\">Contributor Exhibits<\/p>\r\n<br \/><img loading=\"lazy\" decoding=\"async\" id=\"test_image_4\" class=\"image alignnone\" src=\"https:\/\/arch.madnesscanada.com\/wp-content\/uploads\/2019\/01\/stroke-yellow.png\" alt=\"Contributor Exhibits yellow stroke decor\" width=\"476\" height=\"107\" \/>\r\n<div id=\"inside_the_text3\" class=\"overlay\">\r\n<p class=\"second-title\">Contributor Exhibits<\/p>\r\n<div id=\"test_info4\" class=\"text\">Will host community and academic displays.<br \/><a id=\"test_link4\" class=\"lonk\" href=\"https:\/\/arch.madnesscanada.com\/contributor-exhibits\/\" rel=\"noopener noreferrer\">Explore this possibility<\/a><\/div>\r\n<\/div>\r\n<\/div>\r\n<\/div>\r\n<\/div>\r\n<div id=\"five\" class=\"single two middle\">\r\n<div id=\"second-body5\">\r\n<div class=\"container\">\r\n<p id=\"test_text5 class=\">Indigenous<\/p>\r\n<br \/><img loading=\"lazy\" decoding=\"async\" id=\"test_image_5\" class=\"image alignnone\" src=\"https:\/\/arch.madnesscanada.com\/wp-content\/uploads\/stroke-blue.png\" alt=\"Indigenous blue stoke decor\" width=\"476\" height=\"107\" \/>\r\n<div id=\"inside_the_text5\" class=\"overlay\">\r\n<p class=\"second-title\">Indigenous<\/p>\r\n<div id=\"test_info5\" class=\"text\">We aim to facilitate an Indigenous space.<br \/><a id=\"test_link5\" class=\"lonk\" href=\"https:\/\/arch.madnesscanada.com\/indigenous\/\" rel=\"noopener noreferrer\">Read about this initiative<\/a><\/div>\r\n<\/div>\r\n<\/div>\r\n<\/div>\r\n<\/div>\r\n<div id=\"six\" class=\"single three middle\">\r\n<div id=\"second-body6\">\r\n<div class=\"container\">\r\n<p id=\"test_text6\" class=\"text-title\">Mad Cities<\/p>\r\n<br \/><img loading=\"lazy\" decoding=\"async\" id=\"test_image_6\" class=\"image alignnone\" src=\"https:\/\/arch.madnesscanada.com\/wp-content\/uploads\/2019\/01\/stroke-orange.png\" alt=\"Mad Cities orange stroke decor\" width=\"476\" height=\"107\" \/>\r\n<div id=\"inside_the_text6\" class=\"overlay\">\r\n<p class=\"second-title\">Mad Cities<\/p>\r\n<div id=\"test_info6\" class=\"text\">Explore urban manifestations of mad culture and activism.<br \/><a id=\"test_link6\" class=\"lonk\" href=\"https:\/\/arch.madnesscanada.com\/mad-cities\/\" rel=\"noopener noreferrer\">Visit Mad Cities site<\/a><\/div>\r\n<\/div>\r\n<\/div>\r\n<\/div>\r\n<\/div>\r\n<div class=\"single one bottom\">\r\n<div class=\"container\">\u00a0<\/div>\r\n<\/div>\r\n<div id=\"seven\" class=\"single two bottom\">\r\n<div id=\"second-body7\">\r\n<div class=\"container\">\r\n<p id=\"test_text7\" class=\"text-title\">Resources<\/p>\r\n<br \/><img loading=\"lazy\" decoding=\"async\" id=\"test_image_7\" class=\"image alignnone\" src=\"https:\/\/arch.madnesscanada.com\/wp-content\/uploads\/2019\/01\/stroke-plumgrey.png\" alt=\"Resources plumgrey stroke decor\" width=\"476\" height=\"107\" \/>\r\n<div id=\"inside_the_text7\" class=\"overlay\">\r\n<p class=\"second-title\">Resources<\/p>\r\n<div id=\"test_info7\" class=\"text\">Find archives, videos, images and much more.<br \/><a id=\"test_link7\" class=\"lonk\" href=\"https:\/\/arch.madnesscanada.com\/resources\/\" rel=\"noopener noreferrer\">Visit Resources site<\/a><\/div>\r\n<\/div>\r\n<\/div>\r\n<\/div>\r\n<\/div>\r\n<div class=\"single three bottom\">\r\n<div class=\"container\">\u00a0<\/div>\r\n<\/div>\r\n<\/div>\r\n<p>&nbsp;<\/p>\r\n<p>&nbsp;<\/p><p>&nbsp;<\/p>\r\n<p>&nbsp;<\/p>\r\n\r\n<h1>espace d\u2019exposition\u00a0\u00a0 espace de recherche <span style=\"padding-right: 20px; padding-left: 20px;\">espace d\u2019\u00e9ducation<\/span><\/h1>\r\n<p>Folie Canada est \u00e0 la fois un site militant qui appuie la collaboration universitaire et communautaire et un espace incontournable pour tous les enjeux pass\u00e9s, pr\u00e9sents et futurs de la sant\u00e9 mentale.<\/p>\r\n<!-- Widget Shortcode --><div id=\"search-3\" class=\"widget widget_search widget-shortcode area-arbitrary \"><h2 class=\"widgettitle\">(English) SEARCH<\/h2><form role=\"search\" method=\"get\" class=\"search-form\" action=\"https:\/\/arch.madnesscanada.com\/fr\/\">\n\t\t\t\t<label>\n\t\t\t\t\t<span class=\"screen-reader-text\">Rechercher\u00a0:<\/span>\n\t\t\t\t\t<input type=\"search\" class=\"search-field\" placeholder=\"Rechercher\u2026\" value=\"\" name=\"s\" \/>\n\t\t\t\t<\/label>\n\t\t\t\t<input type=\"submit\" class=\"search-submit\" value=\"Rechercher\" \/>\n\t\t\t<\/form><\/div><!-- \/Widget Shortcode -->\r\n<div class=\"gridcontainer\" style=\"margin: 50px auto 0;\">\r\n<div id=\"one\" class=\"single one\">\r\n<div id=\"second-body1\">\r\n<div class=\"container\">\r\n<p id=\"test_text1\" class=\"text-title\">Apr\u00e8s l\u2019asile<\/p>\r\n<br \/><img loading=\"lazy\" decoding=\"async\" id=\"test_image_1\" class=\"image alignnone\" src=\"https:\/\/arch.madnesscanada.com\/wp-content\/uploads\/2019\/01\/stroke-purple.png\" alt=\"After the Asylum purple stoke decor\" width=\"470\" height=\"100\" \/>\r\n<div id=\"inside_the_text1\" class=\"overlay\">\r\n<p class=\"second-title\">Apr\u00e8s l\u2019asile<\/p>\r\n<div id=\"test_info1\" class=\"text\">Comprendre la d\u00e9sinstitutionnalisation, un tournant pour la sant\u00e9 mentale<br \/><a id=\"test_link1\" class=\"lonk\" href=\"https:\/\/arch.madnesscanada.com\/fr\/after-the-asylum\/\" rel=\"noopener noreferrer\">Consulter la section Apr\u00e8s l\u2019asile<\/a><\/div>\r\n<\/div>\r\n<\/div>\r\n<\/div>\r\n<\/div>\r\n<div id=\"two\" class=\"single two\">\r\n<div id=\"second-body2\">\r\n<div class=\"container\">\r\n<p id=\"test_text6\" class=\"text-title\">\u00c9cole folle<\/p>\r\n<br \/><img loading=\"lazy\" decoding=\"async\" id=\"test_image_6\" class=\"image alignnone\" src=\"https:\/\/arch.madnesscanada.com\/wp-content\/uploads\/2019\/01\/stroke-red.png\" alt=\"Caring Minds red stroke decor\" width=\"476\" height=\"107\" \/>\r\n<div id=\"inside_the_text6\" class=\"overlay\">\r\n<p class=\"second-title\">\u00c9cole folle<\/p>\r\n<div id=\"test_info6\" class=\"text\">Trouver des outils \u00e9ducatifs qui font \u00e9voluer les mentalit\u00e9s.<br \/><a id=\"test_link6\" class=\"lonk\" href=\"https:\/\/madschool.ca\/fr\/\" rel=\"noopener noreferrer\">Consulter la section \u00c9cole folle<\/a><\/div>\r\n<\/div>\r\n<\/div>\r\n<\/div>\r\n<\/div>\r\n<div id=\"three\" class=\"single three\">\r\n<div id=\"second-body3\">\r\n<div class=\"container\">\r\n<p id=\"test_text3\" class=\"text-title\">\u00a0<\/p>\r\n<br \/><img loading=\"lazy\" decoding=\"async\" id=\"test_image_3\" class=\"image alignnone\" src=\"https:\/\/arch.madnesscanada.com\/wp-content\/uploads\/2019\/01\/stroke-green.png\" alt=\"green stroke decor\" width=\"476\" height=\"107\" \/><\/div>\r\n<\/div>\r\n<\/div>\r\n<div id=\"four\" class=\"single one\">\r\n<div id=\"second-body4\">\r\n<div class=\"container\">\r\n<p id=\"test_text4\" class=\"text-title\">Pr\u00e9sentation d\u2019expositions<\/p>\r\n<br \/><img loading=\"lazy\" decoding=\"async\" id=\"test_image_4\" class=\"image alignnone\" src=\"https:\/\/arch.madnesscanada.com\/wp-content\/uploads\/2019\/01\/stroke-yellow.png\" alt=\"Contributor Exhibits yellow stroke decor\" width=\"476\" height=\"107\" \/>\r\n<div id=\"inside_the_text4\" class=\"overlay\">\r\n<p class=\"second-title\">Pr\u00e9sentation d\u2019expositions<\/p>\r\n<div id=\"test_info4\" class=\"text\"> Expositions communautaires et acad\u00e9miques.<br \/><a id=\"test_link4\" class=\"lonk\" href=\"https:\/\/arch.madnesscanada.com\/fr\/contributor-exhibits\/\" rel=\"noopener noreferrer\">Explorez cette possibilit\u00e9<\/a><\/div>\r\n<\/div>\r\n<\/div>\r\n<\/div>\r\n<\/div>\r\n<div id=\"five\" class=\"single two\">\r\n<div id=\"second-body5\">\r\n<div class=\"container\">\r\n<p id=\"test_text5 class=\">Autochtone<\/p>\r\n<br \/><img loading=\"lazy\" decoding=\"async\" id=\"test_image_5\" class=\"image alignnone\" src=\"https:\/\/arch.madnesscanada.com\/wp-content\/uploads\/stroke-blue.png\" alt=\"Indigenous blue stoke decor\" width=\"476\" height=\"107\" \/>\r\n<div id=\"inside_the_text5\" class=\"overlay\">\r\n<p class=\"second-title\">Autochtone<\/p>\r\n<div id=\"test_info5\" class=\"text\">Notre objectif est de promouvoir un espace consacr\u00e9 aux peuples autochtones. <br \/><a id=\"test_link5\" class=\"lonk\" href=\"https:\/\/arch.madnesscanada.com\/fr\/indigenous\/\" rel=\"noopener noreferrer\">Lisez \u00e0 propos de cette initiative<\/a><\/div>\r\n<\/div>\r\n<\/div>\r\n<\/div>\r\n<\/div>\r\n<div id=\"six\" class=\"single three\">\r\n<div id=\"second-body6\">\r\n<div class=\"container\">\r\n<p id=\"test_text2\" class=\"text-title\">Villes de la folie<\/p>\r\n<br \/><img loading=\"lazy\" decoding=\"async\" id=\"test_image_2\" class=\"image alignnone\" src=\"https:\/\/arch.madnesscanada.com\/wp-content\/uploads\/2019\/01\/stroke-orange.png\" alt=\"Mad Cities orange stoke decor\" width=\"470\" height=\"103\" \/>\r\n<div id=\"inside_the_text2\" class=\"overlay\">\r\n<p class=\"second-title\">Villes de la folie<\/p>\r\n<div id=\"test_info2\" class=\"text\">Explorer la culture et l\u2019activisme li\u00e9s \u00e0 la folie en milieu urbain. <br \/><a id=\"test_link2\" class=\"lonk\" href=\"https:\/\/arch.madnesscanada.com\/fr\/mad-cities\/\" rel=\"noopener noreferrer\">Consulter la section Les villes de la folie<\/a><\/div>\r\n<\/div>\r\n<\/div>\r\n<\/div>\r\n<\/div>\r\n<div class=\"single one bottom\">\r\n<div class=\"container\">\u00a0<\/div>\r\n<\/div>\r\n<div id=\"seven\" class=\"single two bottom\">\r\n<div id=\"second-body7\">\r\n<div class=\"container\">\r\n<p id=\"test_text7\" class=\"text-title\">Ressources<\/p>\r\n<br \/><img loading=\"lazy\" decoding=\"async\" id=\"test_image_7\" class=\"image alignnone\" src=\"https:\/\/arch.madnesscanada.com\/wp-content\/uploads\/2019\/01\/stroke-plumgrey.png\" alt=\"Resources plumgrey stroke decor\" width=\"476\" height=\"107\" \/>\r\n<div id=\"inside_the_text7\" class=\"overlay\">\r\n<p class=\"second-title\">Ressources<\/p>\r\n<div id=\"test_info7\" class=\"text\">Trouver des archives, des vid\u00e9os, des images et bien plus encore.<br \/><a id=\"test_link7\" class=\"lonk\" href=\"https:\/\/arch.madnesscanada.com\/fr\/resources\/\" rel=\"noopener noreferrer\">Consulter la section Ressources<\/a><\/div>\r\n<\/div>\r\n<\/div>\r\n<\/div>\r\n<\/div>\r\n<div class=\"single three bottom\">\r\n<div class=\"container\">\u00a0<\/div>\r\n<\/div>\r\n<\/div><p>&nbsp;<\/p>\r\n<p>&nbsp;<\/p>\r\n<!-- wp:html -->\r\n<h1>espace d\u2019exposition\u00a0\u00a0 espace de recherche <span style=\"padding-right: 20px; padding-left: 20px;\">espace d\u2019\u00e9ducation<\/span><\/h1>\r\n<p>Folie Canada est \u00e0 la fois un site militant qui appuie la collaboration universitaire et communautaire et un espace incontournable pour tous les enjeux pass\u00e9s, pr\u00e9sents et futurs de la sant\u00e9 mentale.<\/p>\r\n<!-- Widget Shortcode --><div id=\"search-3\" class=\"widget widget_search widget-shortcode area-arbitrary \"><h2 class=\"widgettitle\">(English) SEARCH<\/h2><form role=\"search\" method=\"get\" class=\"search-form\" action=\"https:\/\/arch.madnesscanada.com\/fr\/\">\n\t\t\t\t<label>\n\t\t\t\t\t<span class=\"screen-reader-text\">Rechercher\u00a0:<\/span>\n\t\t\t\t\t<input type=\"search\" class=\"search-field\" placeholder=\"Rechercher\u2026\" value=\"\" name=\"s\" \/>\n\t\t\t\t<\/label>\n\t\t\t\t<input type=\"submit\" class=\"search-submit\" value=\"Rechercher\" \/>\n\t\t\t<\/form><\/div><!-- \/Widget Shortcode -->\r\n<div class=\"gridcontainer\" style=\"margin: 50px auto 0;\">\r\n<div id=\"one\" class=\"single one\">\r\n<div id=\"second-body1\">\r\n<div class=\"container\">\r\n<p id=\"test_text1\" class=\"text-title\">Apr\u00e8s l\u2019asile<\/p>\r\n<br \/><img loading=\"lazy\" decoding=\"async\" id=\"test_image_1\" class=\"image alignnone\" src=\"https:\/\/arch.madnesscanada.com\/wp-content\/uploads\/2019\/01\/stroke-purple.png\" alt=\"After the Asylum purple stoke decor\" width=\"470\" height=\"100\" \/>\r\n<div id=\"inside_the_text1\" class=\"overlay\">\r\n<p class=\"second-title\">Apr\u00e8s l\u2019asile<\/p>\r\n<div id=\"test_info1\" class=\"text\">Comprendre la d\u00e9sinstitutionnalisation, un tournant pour la sant\u00e9 mentale<br \/><a id=\"test_link1\" class=\"lonk\" href=\"https:\/\/arch.madnesscanada.com\/fr\/after-the-asylum\/\" rel=\"noopener noreferrer\">Consulter la section Apr\u00e8s l\u2019asile<\/a><\/div>\r\n<\/div>\r\n<\/div>\r\n<\/div>\r\n<\/div>\r\n<div id=\"two\" class=\"single two\">\r\n<div id=\"second-body2\">\r\n<div class=\"container\">\r\n<p id=\"test_text6\" class=\"text-title\">\u00c9cole folle<\/p>\r\n<br \/><img loading=\"lazy\" decoding=\"async\" id=\"test_image_6\" class=\"image alignnone\" src=\"https:\/\/arch.madnesscanada.com\/wp-content\/uploads\/2019\/01\/stroke-red.png\" alt=\"Caring Minds red stroke decor\" width=\"476\" height=\"107\" \/>\r\n<div id=\"inside_the_text6\" class=\"overlay\">\r\n<p class=\"second-title\">\u00c9cole folle<\/p>\r\n<div id=\"test_info6\" class=\"text\">Trouver des outils \u00e9ducatifs qui font \u00e9voluer les mentalit\u00e9s.<br \/><a id=\"test_link6\" class=\"lonk\" href=\"https:\/\/madschool.ca\/fr\/\" rel=\"noopener noreferrer\">Consulter la section \u00c9cole folle<\/a><\/div>\r\n<\/div>\r\n<\/div>\r\n<\/div>\r\n<\/div>\r\n<div id=\"three\" class=\"single three\">\r\n<div id=\"second-body3\">\r\n<div class=\"container\">\r\n<p id=\"test_text3\" class=\"text-title\">\u00a0<\/p>\r\n<br \/><img loading=\"lazy\" decoding=\"async\" id=\"test_image_3\" class=\"image alignnone\" src=\"https:\/\/arch.madnesscanada.com\/wp-content\/uploads\/2019\/01\/stroke-green.png\" alt=\"green stroke decor\" width=\"476\" height=\"107\" \/><\/div>\r\n<\/div>\r\n<\/div>\r\n<div id=\"four\" class=\"single one\">\r\n<div id=\"second-body4\">\r\n<div class=\"container\">\r\n<p id=\"test_text4\" class=\"text-title\">Pr\u00e9sentation d\u2019expositions<\/p>\r\n<br \/><img loading=\"lazy\" decoding=\"async\" id=\"test_image_4\" class=\"image alignnone\" src=\"https:\/\/arch.madnesscanada.com\/wp-content\/uploads\/2019\/01\/stroke-yellow.png\" alt=\"Contributor Exhibits yellow stroke decor\" width=\"476\" height=\"107\" \/>\r\n<div id=\"inside_the_text4\" class=\"overlay\">\r\n<p class=\"second-title\">Pr\u00e9sentation d\u2019expositions<\/p>\r\n<div id=\"test_info4\" class=\"text\"> Expositions communautaires et acad\u00e9miques.<br \/><a id=\"test_link4\" class=\"lonk\" href=\"https:\/\/arch.madnesscanada.com\/fr\/contributor-exhibits\/\" rel=\"noopener noreferrer\">Explorez cette possibilit\u00e9<\/a><\/div>\r\n<\/div>\r\n<\/div>\r\n<\/div>\r\n<\/div>\r\n<div id=\"five\" class=\"single two\">\r\n<div id=\"second-body5\">\r\n<div class=\"container\">\r\n<p id=\"test_text5 class=\">Autochtone<\/p>\r\n<br \/><img loading=\"lazy\" decoding=\"async\" id=\"test_image_5\" class=\"image alignnone\" src=\"https:\/\/arch.madnesscanada.com\/wp-content\/uploads\/stroke-blue.png\" alt=\"Indigenous blue stoke decor\" width=\"476\" height=\"107\" \/>\r\n<div id=\"inside_the_text5\" class=\"overlay\">\r\n<p class=\"second-title\">Autochtone<\/p>\r\n<div id=\"test_info5\" class=\"text\">Notre objectif est de promouvoir un espace consacr\u00e9 aux peuples autochtones. <br \/><a id=\"test_link5\" class=\"lonk\" href=\"https:\/\/arch.madnesscanada.com\/fr\/indigenous\/\" rel=\"noopener noreferrer\">Lisez \u00e0 propos de cette initiative<\/a><\/div>\r\n<\/div>\r\n<\/div>\r\n<\/div>\r\n<\/div>\r\n<div id=\"six\" class=\"single three\">\r\n<div id=\"second-body6\">\r\n<div class=\"container\">\r\n<p id=\"test_text2\" class=\"text-title\">Villes de la folie<\/p>\r\n<br \/><img loading=\"lazy\" decoding=\"async\" id=\"test_image_2\" class=\"image alignnone\" src=\"https:\/\/arch.madnesscanada.com\/wp-content\/uploads\/2019\/01\/stroke-orange.png\" alt=\"Mad Cities orange stoke decor\" width=\"470\" height=\"103\" \/>\r\n<div id=\"inside_the_text2\" class=\"overlay\">\r\n<p class=\"second-title\">Villes de la folie<\/p>\r\n<div id=\"test_info2\" class=\"text\">Explorer la culture et l\u2019activisme li\u00e9s \u00e0 la folie en milieu urbain. <br \/><a id=\"test_link2\" class=\"lonk\" href=\"https:\/\/arch.madnesscanada.com\/fr\/mad-cities\/\" rel=\"noopener noreferrer\">Consulter la section Les villes de la folie<\/a><\/div>\r\n<\/div>\r\n<\/div>\r\n<\/div>\r\n<\/div>\r\n<div class=\"single one bottom\">\r\n<div class=\"container\">\u00a0<\/div>\r\n<\/div>\r\n<div id=\"seven\" class=\"single two bottom\">\r\n<div id=\"second-body7\">\r\n<div class=\"container\">\r\n<p id=\"test_text7\" class=\"text-title\">Ressources<\/p>\r\n<br \/><img loading=\"lazy\" decoding=\"async\" id=\"test_image_7\" class=\"image alignnone\" src=\"https:\/\/arch.madnesscanada.com\/wp-content\/uploads\/2019\/01\/stroke-plumgrey.png\" alt=\"Resources plumgrey stroke decor\" width=\"476\" height=\"107\" \/>\r\n<div id=\"inside_the_text7\" class=\"overlay\">\r\n<p class=\"second-title\">Ressources<\/p>\r\n<div id=\"test_info7\" class=\"text\">Trouver des archives, des vid\u00e9os, des images et bien plus encore.<br \/><a id=\"test_link7\" class=\"lonk\" href=\"https:\/\/arch.madnesscanada.com\/fr\/resources\/\" rel=\"noopener noreferrer\">Consulter la section Ressources<\/a><\/div>\r\n<\/div>\r\n<\/div>\r\n<\/div>\r\n<\/div>\r\n<div class=\"single three bottom\">\r\n<div class=\"container\">\u00a0<\/div>\r\n<\/div>\r\n<\/div>","protected":false},"excerpt":{"rendered":"<p>an exhibit showcase a research space an education hub This is an activist site that supports academic-community collaborations. Madness Canada is your passport to diverse inquiries into the past, present, and future of mental health. After the Asylum After the Asylum Learn about de-institutionalization, the paradigm shift in mental health. Visit After the Asylum site &hellip; <\/p>\n","protected":false},"author":1,"featured_media":0,"parent":0,"menu_order":0,"comment_status":"closed","ping_status":"closed","template":"","meta":{"footnotes":""},"class_list":["post-6","page","type-page","status-publish","hentry","entry"],"aioseo_notices":[],"_links":{"self":[{"href":"https:\/\/arch.madnesscanada.com\/fr\/wp-json\/wp\/v2\/pages\/6"}],"collection":[{"href":"https:\/\/arch.madnesscanada.com\/fr\/wp-json\/wp\/v2\/pages"}],"about":[{"href":"https:\/\/arch.madnesscanada.com\/fr\/wp-json\/wp\/v2\/types\/page"}],"author":[{"embeddable":true,"href":"https:\/\/arch.madnesscanada.com\/fr\/wp-json\/wp\/v2\/users\/1"}],"replies":[{"embeddable":true,"href":"https:\/\/arch.madnesscanada.com\/fr\/wp-json\/wp\/v2\/comments?post=6"}],"version-history":[{"count":154,"href":"https:\/\/arch.madnesscanada.com\/fr\/wp-json\/wp\/v2\/pages\/6\/revisions"}],"predecessor-version":[{"id":12264,"href":"https:\/\/arch.madnesscanada.com\/fr\/wp-json\/wp\/v2\/pages\/6\/revisions\/12264"}],"wp:attachment":[{"href":"https:\/\/arch.madnesscanada.com\/fr\/wp-json\/wp\/v2\/media?parent=6"}],"curies":[{"name":"wp","href":"https:\/\/api.w.org\/{rel}","templated":true}]}}