{"id":824,"date":"2019-03-01T10:55:27","date_gmt":"2019-03-01T15:55:27","guid":{"rendered":"http:\/\/madnesscanada.com\/?page_id=824"},"modified":"2022-07-03T22:54:02","modified_gmt":"2022-07-04T02:54:02","slug":"archives","status":"publish","type":"page","link":"https:\/\/arch.madnesscanada.com\/fr\/resources\/archives\/","title":{"rendered":"Archives"},"content":{"rendered":"<\/p>\r\n<!-- wp:html -->\r\n<!-- Widget Shortcode --><div id=\"nav_menu-3\" class=\"widget widget_nav_menu widget-shortcode area-arbitrary \"><h2 class=\"widgettitle\">(English) Resources<\/h2><div class=\"menu-resources-container\"><ul id=\"menu-resources-1\" class=\"menu\"><li class=\"menu-item menu-item-type-post_type menu-item-object-page menu-item-836\"><a href=\"https:\/\/arch.madnesscanada.com\/fr\/resources\/\">Ressources<\/a><\/li>\n<li class=\"menu-item menu-item-type-post_type menu-item-object-page menu-item-838\"><a href=\"https:\/\/arch.madnesscanada.com\/fr\/resources\/scholarship\/\">Publications scientifiques<\/a><\/li>\n<li class=\"menu-item menu-item-type-post_type menu-item-object-page menu-item-841\"><a href=\"https:\/\/arch.madnesscanada.com\/fr\/resources\/archives\/\">Archives<\/a><\/li>\n<li class=\"menu-item menu-item-type-post_type menu-item-object-page menu-item-839\"><a href=\"https:\/\/arch.madnesscanada.com\/fr\/resources\/images\/\">Photographies<\/a><\/li>\n<li class=\"menu-item menu-item-type-post_type menu-item-object-page menu-item-840\"><a href=\"https:\/\/arch.madnesscanada.com\/fr\/resources\/video\/\">Vid\u00e9os<\/a><\/li>\n<li class=\"menu-item menu-item-type-post_type menu-item-object-page menu-item-1595\"><a href=\"https:\/\/arch.madnesscanada.com\/fr\/resources\/voices\/\">T\u00e9moignages<\/a><\/li>\n<li class=\"menu-item menu-item-type-post_type menu-item-object-page menu-item-2339\"><a href=\"https:\/\/arch.madnesscanada.com\/fr\/resources\/about-resources\/\">\u00c0 propos des ressources<\/a><\/li>\n<\/ul><\/div><\/div><!-- \/Widget Shortcode --><!-- Widget Shortcode --><div id=\"search-3\" class=\"widget widget_search widget-shortcode area-arbitrary \"><h2 class=\"widgettitle\">(English) SEARCH<\/h2><form role=\"search\" method=\"get\" class=\"search-form\" action=\"https:\/\/arch.madnesscanada.com\/fr\/\">\n\t\t\t\t<label>\n\t\t\t\t\t<span class=\"screen-reader-text\">Rechercher\u00a0:<\/span>\n\t\t\t\t\t<input type=\"search\" class=\"search-field\" placeholder=\"Rechercher\u2026\" value=\"\" name=\"s\" \/>\n\t\t\t\t<\/label>\n\t\t\t\t<input type=\"submit\" class=\"search-submit\" value=\"Rechercher\" \/>\n\t\t\t<\/form><\/div><!-- \/Widget Shortcode -->\r\n<div class=\"rightmenu\"><!-- Widget Shortcode --><div id=\"nav_menu-27\" class=\"widget widget_nav_menu widget-shortcode area-arbitrary \"><h2 class=\"widgettitle\">COLLECTIONS<\/h2><\/div><!-- \/Widget Shortcode --><\/div>\r\n<nav aria-label=\"breadcrumbs\">\n            <div class=\"breadcrumb-container theme1\">\n                <ol>\n                                    <\/ol>\n            <\/div>\n        <\/nav>    <script type=\"application\/ld+json\">\n        {\n            \"@context\": \"http:\/\/schema.org\",\n            \"@type\": \"BreadcrumbList\",\n            \"itemListElement\": [\n                            ]\n        }\n    <\/script>\n   \n    <script>\n            <\/script>\n\r\n<h1>Archives<\/h1>\r\n<p>Le travail entrepris dans le cadre du projet Apr\u00e8s l\u2019asile a permis de retrouver d\u2019importantes collections d\u2019archives issues de la p\u00e9riode de d\u00e9sinstitutionnalisation, qui sont pr\u00e9sent\u00e9es sur le site. Ces collections viennent s\u2019ajouter aux documents recueillis en Colombie-Britannique par Robert Menzies qui retracent l\u2019histoire de la folie et ses liens avec le syst\u00e8me de justice p\u00e9nale, et des liens vers d\u2019importantes collections d\u2019archives connexes conserv\u00e9es ailleurs.<\/p>\r\n<p>Pour utiliser les ressources \u00e0 des fins de publication, une autorisation doit \u00eatre obtenue\u00a0au pr\u00e9alable aupr\u00e8s de Folie Canada. L\u2019utilisation en classe, en conf\u00e9rence ou \u00e0 des fins personnelles n\u2019exige pas l\u2019obtention de notre autorisation.<\/p>\r\n<p>Des guides de recherche sont en cours d\u2019\u00e9laboration afin de faciliter la consultation de nos collections d\u2019archives et seront publi\u00e9s \u00e0 mesure qu\u2019ils seront termin\u00e9s.<\/p>\r\n<!-- \/wp:html -->\r\n<p><\/p><!-- wp:html -->\r\n<!-- Widget Shortcode --><div id=\"nav_menu-3\" class=\"widget widget_nav_menu widget-shortcode area-arbitrary \"><h2 class=\"widgettitle\">(English) Resources<\/h2><div class=\"menu-resources-container\"><ul id=\"menu-resources-2\" class=\"menu\"><li class=\"menu-item menu-item-type-post_type menu-item-object-page menu-item-836\"><a href=\"https:\/\/arch.madnesscanada.com\/fr\/resources\/\">Ressources<\/a><\/li>\n<li class=\"menu-item menu-item-type-post_type menu-item-object-page menu-item-838\"><a href=\"https:\/\/arch.madnesscanada.com\/fr\/resources\/scholarship\/\">Publications scientifiques<\/a><\/li>\n<li class=\"menu-item menu-item-type-post_type menu-item-object-page menu-item-841\"><a href=\"https:\/\/arch.madnesscanada.com\/fr\/resources\/archives\/\">Archives<\/a><\/li>\n<li class=\"menu-item menu-item-type-post_type menu-item-object-page menu-item-839\"><a href=\"https:\/\/arch.madnesscanada.com\/fr\/resources\/images\/\">Photographies<\/a><\/li>\n<li class=\"menu-item menu-item-type-post_type menu-item-object-page menu-item-840\"><a href=\"https:\/\/arch.madnesscanada.com\/fr\/resources\/video\/\">Vid\u00e9os<\/a><\/li>\n<li class=\"menu-item menu-item-type-post_type menu-item-object-page menu-item-1595\"><a href=\"https:\/\/arch.madnesscanada.com\/fr\/resources\/voices\/\">T\u00e9moignages<\/a><\/li>\n<li class=\"menu-item menu-item-type-post_type menu-item-object-page menu-item-2339\"><a href=\"https:\/\/arch.madnesscanada.com\/fr\/resources\/about-resources\/\">\u00c0 propos des ressources<\/a><\/li>\n<\/ul><\/div><\/div><!-- \/Widget Shortcode --><!-- Widget Shortcode --><div id=\"search-3\" class=\"widget widget_search widget-shortcode area-arbitrary \"><h2 class=\"widgettitle\">(English) SEARCH<\/h2><form role=\"search\" method=\"get\" class=\"search-form\" action=\"https:\/\/arch.madnesscanada.com\/fr\/\">\n\t\t\t\t<label>\n\t\t\t\t\t<span class=\"screen-reader-text\">Rechercher\u00a0:<\/span>\n\t\t\t\t\t<input type=\"search\" class=\"search-field\" placeholder=\"Rechercher\u2026\" value=\"\" name=\"s\" \/>\n\t\t\t\t<\/label>\n\t\t\t\t<input type=\"submit\" class=\"search-submit\" value=\"Rechercher\" \/>\n\t\t\t<\/form><\/div><!-- \/Widget Shortcode -->\r\n<div class=\"rightmenu\"><!-- Widget Shortcode --><div id=\"nav_menu-27\" class=\"widget widget_nav_menu widget-shortcode area-arbitrary \"><h2 class=\"widgettitle\">COLLECTIONS<\/h2><\/div><!-- \/Widget Shortcode --><\/div>\r\n<nav aria-label=\"breadcrumbs\">\n            <div class=\"breadcrumb-container theme1\">\n                <ol>\n                                    <\/ol>\n            <\/div>\n        <\/nav>    <script type=\"application\/ld+json\">\n        {\n            \"@context\": \"http:\/\/schema.org\",\n            \"@type\": \"BreadcrumbList\",\n            \"itemListElement\": [\n                            ]\n        }\n    <\/script>\n   \n    <script>\n            <\/script>\n\r\n<h1>Archives<\/h1>\r\n<p>Le travail entrepris dans le cadre du projet Apr\u00e8s l\u2019asile a permis de retrouver d\u2019importantes collections d\u2019archives issues de la p\u00e9riode de d\u00e9sinstitutionnalisation, qui sont pr\u00e9sent\u00e9es sur le site. Ces collections viennent s\u2019ajouter aux documents recueillis en Colombie-Britannique par Robert Menzies qui retracent l\u2019histoire de la folie et ses liens avec le syst\u00e8me de justice p\u00e9nale, et des liens vers d\u2019importantes collections d\u2019archives connexes conserv\u00e9es ailleurs.<\/p>\r\n<p>Pour utiliser les ressources \u00e0 des fins de publication, une autorisation doit \u00eatre obtenue\u00a0au pr\u00e9alable aupr\u00e8s de Folie Canada. L\u2019utilisation en classe, en conf\u00e9rence ou \u00e0 des fins personnelles n\u2019exige pas l\u2019obtention de notre autorisation.<\/p>\r\n<p>Des guides de recherche sont en cours d\u2019\u00e9laboration afin de faciliter la consultation de nos collections d\u2019archives et seront publi\u00e9s \u00e0 mesure qu\u2019ils seront termin\u00e9s.<\/p>\r\n<!-- \/wp:html -->","protected":false},"excerpt":{"rendered":"<p>Archives Le travail entrepris dans le cadre du projet Apr\u00e8s l\u2019asile a permis de retrouver d\u2019importantes collections d\u2019archives issues de la p\u00e9riode de d\u00e9sinstitutionnalisation, qui sont pr\u00e9sent\u00e9es sur le site. Ces collections viennent s\u2019ajouter aux documents recueillis en Colombie-Britannique par Robert Menzies qui retracent l\u2019histoire de la folie et ses liens avec le syst\u00e8me de &hellip; <\/p>\n","protected":false},"author":3,"featured_media":0,"parent":143,"menu_order":1,"comment_status":"closed","ping_status":"closed","template":"","meta":{"footnotes":""},"class_list":["post-824","page","type-page","status-publish","hentry","entry"],"aioseo_notices":[],"_links":{"self":[{"href":"https:\/\/arch.madnesscanada.com\/fr\/wp-json\/wp\/v2\/pages\/824"}],"collection":[{"href":"https:\/\/arch.madnesscanada.com\/fr\/wp-json\/wp\/v2\/pages"}],"about":[{"href":"https:\/\/arch.madnesscanada.com\/fr\/wp-json\/wp\/v2\/types\/page"}],"author":[{"embeddable":true,"href":"https:\/\/arch.madnesscanada.com\/fr\/wp-json\/wp\/v2\/users\/3"}],"replies":[{"embeddable":true,"href":"https:\/\/arch.madnesscanada.com\/fr\/wp-json\/wp\/v2\/comments?post=824"}],"version-history":[{"count":40,"href":"https:\/\/arch.madnesscanada.com\/fr\/wp-json\/wp\/v2\/pages\/824\/revisions"}],"predecessor-version":[{"id":6680,"href":"https:\/\/arch.madnesscanada.com\/fr\/wp-json\/wp\/v2\/pages\/824\/revisions\/6680"}],"up":[{"embeddable":true,"href":"https:\/\/arch.madnesscanada.com\/fr\/wp-json\/wp\/v2\/pages\/143"}],"wp:attachment":[{"href":"https:\/\/arch.madnesscanada.com\/fr\/wp-json\/wp\/v2\/media?parent=824"}],"curies":[{"name":"wp","href":"https:\/\/api.w.org\/{rel}","templated":true}]}}